{"id":8354,"date":"2021-10-28T17:11:46","date_gmt":"2021-10-28T17:11:46","guid":{"rendered":"https:\/\/trenaferragens.com.br\/?post_type=product&#038;p=8354"},"modified":"2021-10-28T18:41:32","modified_gmt":"2021-10-28T18:41:32","slug":"modulo-4x4-22modulos-separados-horizontal-c-suporte-slim","status":"publish","type":"product","link":"https:\/\/trenaferragens.com.br\/?product=modulo-4x4-22modulos-separados-horizontal-c-suporte-slim","title":{"rendered":"Placa 4&#215;4 2+2M\u00f3dulos Separados Horizontal C\/Suporte Slim"},"content":{"rendered":"<p>Placa 4&#215;4 2+2M\u00f3dulos Separados Horizontal C\/Suporte Slim<\/p>\n<p>A Linha Modular Slim \u00e9 a mais completa do mercado e traz muitas op\u00e7\u00f5es em interruptores e tomadas para sua casa.<br \/>\nAl\u00e9m disso, possu\u00ed a tomada monobloco, que \u00e9 super f\u00e1cil de instalar e r\u00e1pido. \u00c9 s\u00f3 soltar 3 parafusos, cabear e parafusar.<\/p>\n<p>Ilumi, a marca do lar brasileiro.<\/p>\n<p>&nbsp;<\/p>\n","protected":false},"excerpt":{"rendered":"<p>Placa 4&#215;4 2+2M\u00f3dulos Separados Horizontal C\/Suporte Slim<\/p>\n<p><strong>Descri\u00e7\u00e3o:<\/strong><\/p>\n<div>\n<div>\n<div>\n<ul>\n<li>Tens\u00e3o: &#8212;<\/li>\n<li>Amperagem: &#8212;<\/li>\n<li>Certifica\u00e7\u00e3o compuls\u00f3ria:\u00a0N\u00e3o<\/li>\n<\/ul>\n<\/div>\n<div>\n<p><strong>Varia\u00e7\u00f5es:<\/strong><\/p>\n<p><strong>83070<\/strong>\u00a0&#8211; Placa 4&#215;4 2 + 2 M\u00f3dulos Separados Horizontal com Suporte<\/p>\n<\/div>\n<\/div>\n<\/div>\n","protected":false},"featured_media":8355,"comment_status":"open","ping_status":"closed","template":"","meta":[],"product_cat":[194,308,1058],"product_tag":[2722,3382,2654,3390],"_links":{"self":[{"href":"https:\/\/trenaferragens.com.br\/index.php?rest_route=\/wp\/v2\/product\/8354"}],"collection":[{"href":"https:\/\/trenaferragens.com.br\/index.php?rest_route=\/wp\/v2\/product"}],"about":[{"href":"https:\/\/trenaferragens.com.br\/index.php?rest_route=\/wp\/v2\/types\/product"}],"replies":[{"embeddable":true,"href":"https:\/\/trenaferragens.com.br\/index.php?rest_route=%2Fwp%2Fv2%2Fcomments&post=8354"}],"wp:featuredmedia":[{"embeddable":true,"href":"https:\/\/trenaferragens.com.br\/index.php?rest_route=\/wp\/v2\/media\/8355"}],"wp:attachment":[{"href":"https:\/\/trenaferragens.com.br\/index.php?rest_route=%2Fwp%2Fv2%2Fmedia&parent=8354"}],"wp:term":[{"taxonomy":"product_cat","embeddable":true,"href":"https:\/\/trenaferragens.com.br\/index.php?rest_route=%2Fwp%2Fv2%2Fproduct_cat&post=8354"},{"taxonomy":"product_tag","embeddable":true,"href":"https:\/\/trenaferragens.com.br\/index.php?rest_route=%2Fwp%2Fv2%2Fproduct_tag&post=8354"}],"curies":[{"name":"wp","href":"https:\/\/api.w.org\/{rel}","templated":true}]}}