{"id":8376,"date":"2021-10-28T19:14:24","date_gmt":"2021-10-28T19:14:24","guid":{"rendered":"https:\/\/trenaferragens.com.br\/?post_type=product&#038;p=8376"},"modified":"2021-10-28T19:26:39","modified_gmt":"2021-10-28T19:26:39","slug":"conjunto-3-interruptores-simples-10a-250v-horizontal-slim","status":"publish","type":"product","link":"https:\/\/trenaferragens.com.br\/?product=conjunto-3-interruptores-simples-10a-250v-horizontal-slim","title":{"rendered":"Conjunto 3 Interruptores Simples 10A 250V Slim"},"content":{"rendered":"<p>Conjunto 3 Interruptores Simples 10A 250V Slim<\/p>\n<p>A Linha Modular Slim \u00e9 a mais completa do mercado e traz muitas op\u00e7\u00f5es em interruptores e tomadas para sua casa.<br \/>\nAl\u00e9m disso, possu\u00ed a tomada monobloco, que \u00e9 super f\u00e1cil de instalar e r\u00e1pido. \u00c9 s\u00f3 soltar 3 parafusos, cabear e parafusar.<\/p>\n<p>Ilumi, a marca do lar brasileiro.<\/p>\n<p>&nbsp;<\/p>\n","protected":false},"excerpt":{"rendered":"<p>Conjunto 3 Interruptores Simples 10A 250V Slim<\/p>\n<p><strong>Descri\u00e7\u00e3o:<\/strong><\/p>\n<div>\n<div>\n<div>\n<ul>\n<li>Tens\u00e3o: 250V<\/li>\n<li>Amperagem: 10A<\/li>\n<li>Certifica\u00e7\u00e3o compuls\u00f3ria:\u00a0Sim<\/li>\n<li>Normas: NBR NM 60669-1<\/li>\n<\/ul>\n<\/div>\n<div>\n<p><strong>Varia\u00e7\u00f5es:<\/strong><\/p>\n<p><strong>8027<\/strong>\u00a0&#8211; 3 Interruptores Paralelos 10A 250V<\/p>\n<\/div>\n<\/div>\n<\/div>\n","protected":false},"featured_media":8377,"comment_status":"open","ping_status":"closed","template":"","meta":[],"product_cat":[194,308,1058],"product_tag":[3396,3397,2722,3382],"_links":{"self":[{"href":"https:\/\/trenaferragens.com.br\/index.php?rest_route=\/wp\/v2\/product\/8376"}],"collection":[{"href":"https:\/\/trenaferragens.com.br\/index.php?rest_route=\/wp\/v2\/product"}],"about":[{"href":"https:\/\/trenaferragens.com.br\/index.php?rest_route=\/wp\/v2\/types\/product"}],"replies":[{"embeddable":true,"href":"https:\/\/trenaferragens.com.br\/index.php?rest_route=%2Fwp%2Fv2%2Fcomments&post=8376"}],"wp:featuredmedia":[{"embeddable":true,"href":"https:\/\/trenaferragens.com.br\/index.php?rest_route=\/wp\/v2\/media\/8377"}],"wp:attachment":[{"href":"https:\/\/trenaferragens.com.br\/index.php?rest_route=%2Fwp%2Fv2%2Fmedia&parent=8376"}],"wp:term":[{"taxonomy":"product_cat","embeddable":true,"href":"https:\/\/trenaferragens.com.br\/index.php?rest_route=%2Fwp%2Fv2%2Fproduct_cat&post=8376"},{"taxonomy":"product_tag","embeddable":true,"href":"https:\/\/trenaferragens.com.br\/index.php?rest_route=%2Fwp%2Fv2%2Fproduct_tag&post=8376"}],"curies":[{"name":"wp","href":"https:\/\/api.w.org\/{rel}","templated":true}]}}