{"id":8417,"date":"2021-11-03T19:32:16","date_gmt":"2021-11-03T19:32:16","guid":{"rendered":"https:\/\/trenaferragens.com.br\/?post_type=product&#038;p=8417"},"modified":"2021-11-03T19:36:32","modified_gmt":"2021-11-03T19:36:32","slug":"purificador-de-agua-versatille","status":"publish","type":"product","link":"https:\/\/trenaferragens.com.br\/?product=purificador-de-agua-versatille","title":{"rendered":"Purificador de \u00c1gua Versatille"},"content":{"rendered":"<h2>LORENZETTI<\/h2>\n<p>Com 95 anos e trajet\u00f3ria marcada pela constante inova\u00e7\u00e3o, \u00e9tica e pioneirismo, a Lorenzetti \u00e9 l\u00edder no segmento de duchas, chuveiros, torneiras el\u00e9tricas e aquecedores de \u00e1gua a g\u00e1s. A empresa se destaca por colocar \u00e0 disposi\u00e7\u00e3o dos consumidores o que h\u00e1 de melhor em lou\u00e7as, assentos, metais e pl\u00e1sticos sanit\u00e1rios, purificadores de \u00e1gua e l\u00e2mpadas, refletores, pain\u00e9is e spots LED, fluorescentes compactas e de alta pot\u00eancia. Com quatro f\u00e1bricas no Brasil, sendo tr\u00eas unidades no Estado de S\u00e3o Paulo e uma em Minas Gerais, a Lorenzetti possui distribui\u00e7\u00e3o nacional e internacional. O objetivo \u00e9 oferecer produtos de qualidade e com design inovador, desenvolvidos com a mais alta tecnologia e consci\u00eancia ambiental.<\/p>\n","protected":false},"excerpt":{"rendered":"<p>O Purificador Versatille possui 03 etapas de filtragem garantindo uma \u00e1gua pura, livre de part\u00edculas e sujeiras.<br \/>\nEste produto de f\u00e1cil instala\u00e7\u00e3o, pois n\u00e3o \u00e9 necess\u00e1ria a presen\u00e7a de um t\u00e9cnico no local.<\/p>\n<ul>\n<li><span class=\"a-list-item\">Econ\u00f4mico capacidade de purificar 1. 000 litros<\/span><\/li>\n<li><span class=\"a-list-item\">Praticidade e Seletor que permite \u00e1gua purificada ou \u00e1gua normal<\/span><\/li>\n<li><span class=\"a-list-item\">Troca do refil, a troca do refil \u00e9 recomendada ap\u00f3s 1. 000 litros de \u00e1gua consumida ou 6 meses em m\u00e9dia de uso.<\/span><\/li>\n<li><span class=\"a-list-item\">Instala\u00e7\u00e3o: permite a instala\u00e7\u00e3o em torneiras com rosca externa m22 e rosca interna m21<\/span><\/li>\n<\/ul>\n","protected":false},"featured_media":8420,"comment_status":"open","ping_status":"closed","template":"","meta":[],"product_cat":[1192,1992,168],"product_tag":[3404,2187,3114,3411,3412],"_links":{"self":[{"href":"https:\/\/trenaferragens.com.br\/index.php?rest_route=\/wp\/v2\/product\/8417"}],"collection":[{"href":"https:\/\/trenaferragens.com.br\/index.php?rest_route=\/wp\/v2\/product"}],"about":[{"href":"https:\/\/trenaferragens.com.br\/index.php?rest_route=\/wp\/v2\/types\/product"}],"replies":[{"embeddable":true,"href":"https:\/\/trenaferragens.com.br\/index.php?rest_route=%2Fwp%2Fv2%2Fcomments&post=8417"}],"wp:featuredmedia":[{"embeddable":true,"href":"https:\/\/trenaferragens.com.br\/index.php?rest_route=\/wp\/v2\/media\/8420"}],"wp:attachment":[{"href":"https:\/\/trenaferragens.com.br\/index.php?rest_route=%2Fwp%2Fv2%2Fmedia&parent=8417"}],"wp:term":[{"taxonomy":"product_cat","embeddable":true,"href":"https:\/\/trenaferragens.com.br\/index.php?rest_route=%2Fwp%2Fv2%2Fproduct_cat&post=8417"},{"taxonomy":"product_tag","embeddable":true,"href":"https:\/\/trenaferragens.com.br\/index.php?rest_route=%2Fwp%2Fv2%2Fproduct_tag&post=8417"}],"curies":[{"name":"wp","href":"https:\/\/api.w.org\/{rel}","templated":true}]}}