{"id":8450,"date":"2021-11-03T20:19:24","date_gmt":"2021-11-03T20:19:24","guid":{"rendered":"https:\/\/trenaferragens.com.br\/?post_type=product&#038;p=8450"},"modified":"2021-11-03T20:19:24","modified_gmt":"2021-11-03T20:19:24","slug":"dobradica-de-porteira-sao-romao","status":"publish","type":"product","link":"https:\/\/trenaferragens.com.br\/?product=dobradica-de-porteira-sao-romao","title":{"rendered":"Dobradi\u00e7a de Porteira S\u00e3o Rom\u00e3o"},"content":{"rendered":"<div class=\"grid-100\">\n<h2 class=\"titPg\"><strong><span style=\"font-size: 25.92px;\">S\u00e3o Rom\u00e3o<\/span><\/strong><\/h2>\n<p>&nbsp;<\/p>\n<p>A hist\u00f3ria da Ferramentas S\u00e3o Rom\u00e3o pode ser traduzida em uma s\u00f3 palavra: transforma\u00e7\u00e3o. N\u00e3o s\u00f3 a transforma\u00e7\u00e3o do a\u00e7o em ferramentas, mas tamb\u00e9m a de sonhos em realidade, de problemas em desafios, do querer em poder, de pessoas em profissionais e cidad\u00e3os conscientes. A empresa originou-se da associa\u00e7\u00e3o, em 1975, com os propriet\u00e1rios da antiga Forjaria Carneiro e Filhos existente na cidade de Dom Silv\u00e9rio.<br \/>\nAcredita-se que o Santo S\u00e3o Rom\u00e3o \u00e9 o protetor dos ferreiros e, por isso foi escolhido para dar nome a esta empresa que vislumbrava sair das montanhas de Minas com um mix de ferramentas para alavancar o desenvolvimento da constru\u00e7\u00e3o civil e da agropecu\u00e1ria brasileira.<\/p>\n<\/div>\n","protected":false},"excerpt":{"rendered":"<p>Fabricada em a\u00e7o carbono, possui estrutura refor\u00e7ada e pintura protetiva em ep\u00f3xi que lhe confere grande durabilidade. Pr\u00e1tica e f\u00e1cil de instalar s\u00e3o indicadas para montagem em porteiras, port\u00f5es, portas, entre outros.<br \/>\nNos tamanhos:<br \/>\nDOBRADI\u00c7A DE PORTEIRA C.00 &#8211;<\/p>\n<ul class=\"list-unstyled m-0\">\n<li><b>Comprimento:<\/b>\u00a0135 mm<\/li>\n<li><b>Mat\u00e9ria prima:<\/b>\u00a0A\u00c7O ESPECIAL<\/li>\n<li><b>Medidas embalagem:<\/b>\u00a0LARGURA: 72 mm ALTURA: 72 mm COMPRIMENTO: 110 mm<\/li>\n<li><b>Medidas produto:<\/b><\/li>\n<li><b>Metros c\u00fabicos embalagem:<\/b>\u00a00,000570 m3<\/li>\n<\/ul>\n<p>DOBRADI\u00c7A DE PORTEIRA C.01<\/p>\n<ul class=\"list-unstyled m-0\">\n<li><b>Comprimento:<\/b>\u00a0180 mm<\/li>\n<li><b>Mat\u00e9ria prima:<\/b>\u00a0A\u00c7O ESPECIAL<\/li>\n<li><b>Medidas embalagem:<\/b>\u00a0LARGURA: 90 mm ALTURA: 85 mm COMPRIMENTO: 145 mm<\/li>\n<li><b>Medidas produto:<\/b><\/li>\n<li><b>Metros c\u00fabicos embalagem:<\/b>\u00a00,001109 m3<\/li>\n<\/ul>\n<p>DOBRADI\u00c7A DE PORTEIRA C.02<\/p>\n<ul class=\"list-unstyled m-0\">\n<li><b>Comprimento:<\/b>\u00a0205 mm<\/li>\n<li><b>Mat\u00e9ria prima:<\/b>\u00a0A\u00c7O ESPECIAL<\/li>\n<li><b>Medidas embalagem:<\/b>\u00a0LARGURA: 110 mm ALTURA: 80 mm COMPRIMENTO: 165 mm<\/li>\n<li><b>Medidas produto:<\/b><\/li>\n<li><b>Metros c\u00fabicos embalagem:<\/b>\u00a00,001452 m3<\/li>\n<\/ul>\n<p>DOBRADI\u00c7A DE PORTEIRA C.03<\/p>\n<ul class=\"list-unstyled m-0\">\n<li><b>Comprimento:<\/b>\u00a0270 mm<\/li>\n<li><b>Mat\u00e9ria prima:<\/b>\u00a0A\u00c7O ESPECIAL<\/li>\n<li><b>Medidas embalagem:<\/b>\u00a0LARGURA: 130 mm ALTURA: 85 mm COMPRIMENTO: 210 mm<\/li>\n<li><b>Medidas produto:<\/b><\/li>\n<li><b>Metros c\u00fabicos embalagem:<\/b>\u00a00,002321 m3<\/li>\n<\/ul>\n","protected":false},"featured_media":8451,"comment_status":"open","ping_status":"closed","template":"","meta":[],"product_cat":[188,1042,1067,198,1078],"product_tag":[3230,3235,3423,3424],"_links":{"self":[{"href":"https:\/\/trenaferragens.com.br\/index.php?rest_route=\/wp\/v2\/product\/8450"}],"collection":[{"href":"https:\/\/trenaferragens.com.br\/index.php?rest_route=\/wp\/v2\/product"}],"about":[{"href":"https:\/\/trenaferragens.com.br\/index.php?rest_route=\/wp\/v2\/types\/product"}],"replies":[{"embeddable":true,"href":"https:\/\/trenaferragens.com.br\/index.php?rest_route=%2Fwp%2Fv2%2Fcomments&post=8450"}],"wp:featuredmedia":[{"embeddable":true,"href":"https:\/\/trenaferragens.com.br\/index.php?rest_route=\/wp\/v2\/media\/8451"}],"wp:attachment":[{"href":"https:\/\/trenaferragens.com.br\/index.php?rest_route=%2Fwp%2Fv2%2Fmedia&parent=8450"}],"wp:term":[{"taxonomy":"product_cat","embeddable":true,"href":"https:\/\/trenaferragens.com.br\/index.php?rest_route=%2Fwp%2Fv2%2Fproduct_cat&post=8450"},{"taxonomy":"product_tag","embeddable":true,"href":"https:\/\/trenaferragens.com.br\/index.php?rest_route=%2Fwp%2Fv2%2Fproduct_tag&post=8450"}],"curies":[{"name":"wp","href":"https:\/\/api.w.org\/{rel}","templated":true}]}}