{"id":8520,"date":"2021-11-04T12:11:34","date_gmt":"2021-11-04T12:11:34","guid":{"rendered":"https:\/\/trenaferragens.com.br\/?post_type=product&#038;p=8520"},"modified":"2021-11-04T12:11:34","modified_gmt":"2021-11-04T12:11:34","slug":"manta-termica-2-faces-maxxifoil-gold-bopp","status":"publish","type":"product","link":"https:\/\/trenaferragens.com.br\/?product=manta-termica-2-faces-maxxifoil-gold-bopp","title":{"rendered":"Manta T\u00e9rmica 2 Faces MAXXIFOIL Gold Bopp"},"content":{"rendered":"<h1><strong>Disfoil<\/strong><\/h1>\n<p>A Disfoil &#8211; Com\u00e9rcio e Importa\u00e7\u00e3o \u00e9 uma op\u00e7\u00e3o de fornecimento confi\u00e1vel de itens para a constru\u00e7\u00e3o a seco nos mais diversos segmentos, dentre eles: telas mosquiteiras, isolantes t\u00e9rmicos, impermeabilizantes, portas, divis\u00f3rias, linha Drywall, PVC e muito mais.<\/p>\n<p>Com matriz na cidade de Porto Ferreira (SP) e filial em Itaja\u00ed (SC), oferecemos entregas do nosso amplo estoque nacionalizado a partir de frota pr\u00f3pria ou parceiros, atendendo toda a demanda de forma 100% \u00e1gil e segura em todo o pa\u00eds.<\/p>\n<p>Em opera\u00e7\u00e3o desde 2013, nosso compromisso est\u00e1 em trazer inova\u00e7\u00f5es para o setor. Focamos na qualidade dos produtos, no atendimento e na experi\u00eancia do usu\u00e1rio, com o objetivo de sempre oferecer a melhor condi\u00e7\u00e3o de pagamento e entrega do Brasil.<\/p>\n","protected":false},"excerpt":{"rendered":"<div>Manta T\u00e9rmica de Subcobertura para isolamento t\u00e9rmico em telhados. Sua camada de Filme Metalizado permite um alto aproveitamento da refletividade e sua estrutura de polietileno garante alta resist\u00eancia mec\u00e2nica a perfura\u00e7\u00e3o<br \/>\ne tra\u00e7\u00e3o.<\/div>\n<h4><\/h4>\n<div>A Manta T\u00e9rmica Dupla Face Premium Disfoil possui dupla fun\u00e7\u00e3o:\u00a0Em temperaturas muito quentes, a Manta T\u00e9rmica Dupla Face impede que o calor irradiado pelo telhado entre no ambiente, atrav\u00e9s da refletividade. Nos dias frios a Manta T\u00e9rmica ret\u00e9m o vento gelado para fora do ambiente atrav\u00e9s da estanqueidade, conservando assim o calor t\u00e9rmico do ambiente.<\/div>\n<div><\/div>\n<div>Desta forma a Manta T\u00e9rmica Dupla Face Premium Disfoil proporciona melhor conforto t\u00e9rmico e ajuda a reduzir o consumo de energia pelo uso de ar condicionado, ventiladores e aquecedores.<\/div>\n<div><\/div>\n<div><\/div>\n<div>Caracter\u00edsticas e vantagens da Manta T\u00e9rmica para Telhado Dupla Face Premium:<\/div>\n<div>&#8211; Utilizada para isolamento t\u00e9rmico, controle de temperatura, bloqueador de goteiras e infiltra\u00e7\u00f5es;<\/div>\n<div>&#8211; Excelente efici\u00eancia t\u00e9rmica: reten\u00e7\u00e3o m\u00e1xima de at\u00e9 9\u00b0C;<\/div>\n<div>&#8211; Reduz at\u00e9 90% o calor vindo do telhado;<\/div>\n<div>&#8211; Mant\u00e9m a temperatura interna do ambiente;<\/div>\n<div>&#8211; Protege contra goteiras;<\/div>\n<div>&#8211; Proporciona maior vida \u00fatil ao telhado;<\/div>\n<div>&#8211; Inibe a presen\u00e7a de fungos, insetos e roedores;<\/div>\n<div><\/div>\n<div><\/div>\n<div>Onde Aplicar a Manta:<\/div>\n<div>&#8211; Pode ser aplicado em qualquer tipo de telhado;<\/div>\n<div>&#8211; Supermercados, Edif\u00edcios, Galp\u00f5es Comerciais, Casas e F\u00e1bricas;<\/div>\n<div><\/div>\n<div><\/div>\n<div>Fabricante:<\/div>\n<div>&#8211; Disfoil<\/div>\n<div><\/div>\n<div><\/div>\n<div>Constru\u00e7\u00e3o do produto:<\/div>\n<div>&#8211; Consiste na uni\u00e3o de 3 camadas por termo-cola:\u00a0Filme metalizado + Malha de Polietileno Tran\u00e7ado + Filme Metalizado;<\/div>\n<div><\/div>\n<div>Refletividade:<br \/>\n&#8211; 95%;<\/div>\n<div><\/div>\n<div><\/div>\n<div>Cor:<\/div>\n<div>&#8211; Aluminizada<\/div>\n<div><\/div>\n<div><\/div>\n<div>Nas vers\u00f5es: NW10M2, NW25M2, NW50M2<\/div>\n<div><\/div>\n<div><\/div>\n<div>Informa\u00e7\u00f5es importantes:<\/div>\n<div>&#8211; Instala\u00e7\u00e3o somente por baixo do telhado;<\/div>\n<div>&#8211; Esta manta n\u00e3o possui cola;<\/div>\n<div><\/div>\n<div>DICA DISFOIL:<\/div>\n<div>&#8211; Recomendamos que a instala\u00e7\u00e3o desta Manta seja feita com o\u00a0Fixador de Mantas.<\/div>\n","protected":false},"featured_media":8521,"comment_status":"open","ping_status":"closed","template":"","meta":[],"product_cat":[1048,1116,166,1053,1117],"product_tag":[3441,3440,3439,3425],"_links":{"self":[{"href":"https:\/\/trenaferragens.com.br\/index.php?rest_route=\/wp\/v2\/product\/8520"}],"collection":[{"href":"https:\/\/trenaferragens.com.br\/index.php?rest_route=\/wp\/v2\/product"}],"about":[{"href":"https:\/\/trenaferragens.com.br\/index.php?rest_route=\/wp\/v2\/types\/product"}],"replies":[{"embeddable":true,"href":"https:\/\/trenaferragens.com.br\/index.php?rest_route=%2Fwp%2Fv2%2Fcomments&post=8520"}],"wp:featuredmedia":[{"embeddable":true,"href":"https:\/\/trenaferragens.com.br\/index.php?rest_route=\/wp\/v2\/media\/8521"}],"wp:attachment":[{"href":"https:\/\/trenaferragens.com.br\/index.php?rest_route=%2Fwp%2Fv2%2Fmedia&parent=8520"}],"wp:term":[{"taxonomy":"product_cat","embeddable":true,"href":"https:\/\/trenaferragens.com.br\/index.php?rest_route=%2Fwp%2Fv2%2Fproduct_cat&post=8520"},{"taxonomy":"product_tag","embeddable":true,"href":"https:\/\/trenaferragens.com.br\/index.php?rest_route=%2Fwp%2Fv2%2Fproduct_tag&post=8520"}],"curies":[{"name":"wp","href":"https:\/\/api.w.org\/{rel}","templated":true}]}}