{"id":8527,"date":"2021-11-04T12:45:39","date_gmt":"2021-11-04T12:45:39","guid":{"rendered":"https:\/\/trenaferragens.com.br\/?post_type=product&#038;p=8527"},"modified":"2021-11-04T12:51:07","modified_gmt":"2021-11-04T12:51:07","slug":"regulador-p-gas","status":"publish","type":"product","link":"https:\/\/trenaferragens.com.br\/?product=regulador-p-gas","title":{"rendered":"Regulador P\/G\u00e1s"},"content":{"rendered":"<h4 class=\"title-since\">Alian\u00e7a Metal\u00fargica<br \/>\nDESDE 1927 ATUANDO COM QUALIDADE,<span class=\"yellotalic\">\u00a0DESIGN<\/span>\u00a0E SEGURAN\u00c7A<\/h4>\n<p>Fundada em S\u00e3o Paulo, no dia 26 de junho de 1927, a\u00a0<strong>Alian\u00e7a Metal\u00fargica<\/strong>\u00a0S.A. iniciou suas atividades com a produ\u00e7\u00e3o de lustres art\u00edsticos, passando por diversas fases de crescimento. Chegou a fornecer ferragens \u00e0s for\u00e7as armadas do pa\u00eds. Em 1949, construiu uma f\u00e1brica arrojada para a \u00e9poca, no bairro do Ja\u00e7an\u00e3, S\u00e3o Paulo, onde passou a fabricar novas linhas de ferragens (fechaduras, guarni\u00e7\u00f5es, fechos, etc.).<br \/>\nHoje, com uma \u00e1rea de 44.440m\u00b2 (18.100m\u00b2 de \u00e1rea constru\u00edda), cerca de 800 funcion\u00e1rios e representantes no Brasil e no exterior, a\u00a0<strong>Alian\u00e7a Metal\u00fargica<\/strong>\u00a0S.A. \u00e9 reconhecida como um dos maiores fabricantes de reguladores para g\u00e1s, fechaduras, ferragens e rod\u00edzios.<br \/>\nCom mais de 2.000 itens em sua linha de produtos, atendemos a constru\u00e7\u00e3o civil e seus mais diversos segmentos.<\/p>\n","protected":false},"excerpt":{"rendered":"<p>Material: ZAMAC Linha: DOM\u00c9STICO 1KG\/H PE: 7 bar PS: 2,8 kpa Vaz\u00e3o KG\/H: 1 CE: borb. P13 CS: 3\/8&#8243; BM<\/p>\n<p><strong>Vers\u00f5es: 504\/01B-BTM ; 505\/01 Mini ; 506\/01B-BTM<\/strong><\/p>\n","protected":false},"featured_media":8529,"comment_status":"open","ping_status":"closed","template":"","meta":[],"product_cat":[1034],"product_tag":[3369,3368,3367],"_links":{"self":[{"href":"https:\/\/trenaferragens.com.br\/index.php?rest_route=\/wp\/v2\/product\/8527"}],"collection":[{"href":"https:\/\/trenaferragens.com.br\/index.php?rest_route=\/wp\/v2\/product"}],"about":[{"href":"https:\/\/trenaferragens.com.br\/index.php?rest_route=\/wp\/v2\/types\/product"}],"replies":[{"embeddable":true,"href":"https:\/\/trenaferragens.com.br\/index.php?rest_route=%2Fwp%2Fv2%2Fcomments&post=8527"}],"wp:featuredmedia":[{"embeddable":true,"href":"https:\/\/trenaferragens.com.br\/index.php?rest_route=\/wp\/v2\/media\/8529"}],"wp:attachment":[{"href":"https:\/\/trenaferragens.com.br\/index.php?rest_route=%2Fwp%2Fv2%2Fmedia&parent=8527"}],"wp:term":[{"taxonomy":"product_cat","embeddable":true,"href":"https:\/\/trenaferragens.com.br\/index.php?rest_route=%2Fwp%2Fv2%2Fproduct_cat&post=8527"},{"taxonomy":"product_tag","embeddable":true,"href":"https:\/\/trenaferragens.com.br\/index.php?rest_route=%2Fwp%2Fv2%2Fproduct_tag&post=8527"}],"curies":[{"name":"wp","href":"https:\/\/api.w.org\/{rel}","templated":true}]}}