{"id":8534,"date":"2021-11-04T13:01:48","date_gmt":"2021-11-04T13:01:48","guid":{"rendered":"https:\/\/trenaferragens.com.br\/?post_type=product&#038;p=8534"},"modified":"2021-11-04T13:05:40","modified_gmt":"2021-11-04T13:05:40","slug":"solda-radio-tubete-sa","status":"publish","type":"product","link":"https:\/\/trenaferragens.com.br\/?product=solda-radio-tubete-sa","title":{"rendered":"Solda R\u00e1dio Tubete SA"},"content":{"rendered":"<h2>EMAVI<\/h2>\n<p>A<strong>\u00a0Emavi<\/strong>\u00a0est\u00e1 no ramo \u00e0 20 anos, oferecendo produtos no ramo constru\u00e7\u00e3o, ferragens, ferramentas, el\u00e9trica, utilidades, 1,00 e 1,99, auto pe\u00e7as e supermercado.<\/p>\n<p><strong>Objetivo:<\/strong>Distribuir nossos produtos.<\/p>\n<p><strong>Vis\u00e3o<\/strong>: Levar a marca, \u00e0 todos Estados.<\/p>\n<p><strong>Miss\u00e3o<\/strong>: Atingir todos os Estados com nossos produtos.<\/p>\n","protected":false},"excerpt":{"rendered":"<p>Solda para Eletr\u00f4nica marca Emavi em tudo de 25g, indicada para montagem de circuitos eletr\u00f4nicos, prototipagem, reparo de equipamentos eletr\u00f4nicos, artesanato e prepara\u00e7\u00e3o de placas de circuito impresso (PCB&#8217;s).<\/p>\n<p>Solda de uso geral. Use sempre equipamentos de prote\u00e7\u00e3o individual (EPI)<\/p>\n<p>Instru\u00e7\u00f5es para soldagem:<br \/>\n&#8211; As pe\u00e7as a serem soldadas deve estar completamente limpas e juntas<br \/>\n&#8211; A ponta do ferro de solda deve aquecer as pe\u00e7as at\u00e9 atingir a temperatura necess\u00e1ria para que a solda flua e preencha completamente os espa\u00e7os garantindo a firmeza dos componentes soldados<\/p>\n<p>Especifica\u00e7\u00f5es:<br \/>\n&#8211; Solda Emavi para eletr\u00f4nica<br \/>\n&#8211; Embalagem: Tubo<br \/>\n&#8211; Peso l\u00edquido: 25g<br \/>\n&#8211; Fluxo AA: (Resina)<br \/>\n&#8211; Especial Para Reparos em Aparelhos Eletro-Dom\u00e9sticos<br \/>\n&#8211; Solda \u00e0 Base de Estanho Com Resina Ativada<br \/>\n&#8211; Solda F\u00e1cil, Segura, Permanente e R\u00e1pida<br \/>\n&#8211; Material: Chumbo, Estanho e Resina Colof\u00f4nia<br \/>\n&#8211; Nocivo \u00e0 sa\u00fade, usar sob adequada ventila\u00e7\u00e3o com m\u00e1scara, luvas e \u00f3culos<\/p>\n","protected":false},"featured_media":8535,"comment_status":"open","ping_status":"closed","template":"","meta":[],"product_cat":[281,178,1127],"product_tag":[3445,3446,3449,3144,3448],"_links":{"self":[{"href":"https:\/\/trenaferragens.com.br\/index.php?rest_route=\/wp\/v2\/product\/8534"}],"collection":[{"href":"https:\/\/trenaferragens.com.br\/index.php?rest_route=\/wp\/v2\/product"}],"about":[{"href":"https:\/\/trenaferragens.com.br\/index.php?rest_route=\/wp\/v2\/types\/product"}],"replies":[{"embeddable":true,"href":"https:\/\/trenaferragens.com.br\/index.php?rest_route=%2Fwp%2Fv2%2Fcomments&post=8534"}],"wp:featuredmedia":[{"embeddable":true,"href":"https:\/\/trenaferragens.com.br\/index.php?rest_route=\/wp\/v2\/media\/8535"}],"wp:attachment":[{"href":"https:\/\/trenaferragens.com.br\/index.php?rest_route=%2Fwp%2Fv2%2Fmedia&parent=8534"}],"wp:term":[{"taxonomy":"product_cat","embeddable":true,"href":"https:\/\/trenaferragens.com.br\/index.php?rest_route=%2Fwp%2Fv2%2Fproduct_cat&post=8534"},{"taxonomy":"product_tag","embeddable":true,"href":"https:\/\/trenaferragens.com.br\/index.php?rest_route=%2Fwp%2Fv2%2Fproduct_tag&post=8534"}],"curies":[{"name":"wp","href":"https:\/\/api.w.org\/{rel}","templated":true}]}}