{"id":8551,"date":"2021-11-09T14:42:42","date_gmt":"2021-11-09T14:42:42","guid":{"rendered":"https:\/\/trenaferragens.com.br\/?post_type=product&#038;p=8551"},"modified":"2021-11-09T14:44:29","modified_gmt":"2021-11-09T14:44:29","slug":"cabo-flexivel-paralelo-marrom-rolo-2","status":"publish","type":"product","link":"https:\/\/trenaferragens.com.br\/?product=cabo-flexivel-paralelo-marrom-rolo-2","title":{"rendered":"Cabo Flex\u00edvel Paralelo (MARROM) Rolo"},"content":{"rendered":"<p class=\"itemTitle\">Cabo Flex\u00edvel Paralelo (MARROM) Rolo<\/p>\n<p>SIL<\/p>\n<p>Empresa s\u00f3lida e 100% nacional, desde 1974 a SIL fornece fios e cabos el\u00e9tricos seguros e dur\u00e1veis, com pre\u00e7o competitivo e qualidade certificada conforme as normas t\u00e9cnicas vigentes. O conjunto de a\u00e7\u00f5es mercadol\u00f3gicas, a seriedade na pol\u00edtica de atua\u00e7\u00e3o e na rela\u00e7\u00e3o com seus parceiros e fornecedores, com metas e diretrizes honestas, somadas a iniciativas como avan\u00e7os tecnol\u00f3gicos, rigoroso controle de qualidade, valoriza\u00e7\u00e3o profissional e respeito ao consumidor, fazem com que a SIL seja reconhecida como uma das principais empresas brasileiras de seu segmento.<\/p>\n","protected":false},"excerpt":{"rendered":"<p>Cabo Flex\u00edvel Paralelo (MARROM) Rolo<\/p>\n<p><strong>DISPON\u00cdVEL NAS OP\u00c7\u00d5ES: 2x 1.50 &#8211; (Rolo &#8211; 100mt) <\/strong>e <strong>2x 2.50 &#8211; (Rolo &#8211; 100mt)<\/strong><\/p>\n<p><strong>APLICA\u00c7\u00c3O:<\/strong> Recomendado para instala\u00e7\u00f5es internas e liga\u00e7\u00f5es de pequenos aparelhos eletrodom\u00e9sticos, de ilumina\u00e7\u00e3o, aparelhos port\u00e1teis e extens\u00f5es el\u00e9tricas.<\/p>\n<p><strong>CONDUTOR:<\/strong>\u00a0Fios de Cobre, t\u00eampera mole, classe 5 atendendo a norma ABNT NM 280.<\/p>\n<p><strong>ISOLA\u00c7\u00c3O:<\/strong>\u00a0Composto termopl\u00e1stico polivin\u00edlico (PVC) tipo PVC\/D.<\/p>\n<p><strong>NORMA DE REFER\u00caNCIA:<\/strong>\u00a0NBR NM 247-5 &#8211; Cabos isolados com policloreto de vinila (PVC) para tens\u00f5es nominais at\u00e9 450\/750 V, inclusive Parte 5: Cabos flex\u00edveis (cord\u00f5es) (IEC 60227-5, MOD).<\/p>\n<p><strong>NORMAS APLIC\u00c1VEIS:<\/strong>\u00a0NBR NM 280 e NBR NM 247-2.<\/p>\n<p><strong>DESIGNA\u00c7\u00c3O DO PRODUTO:<\/strong>\u00a0247 NM 42-C5.<\/p>\n<p><strong>OBSERVA\u00c7\u00d5ES:<\/strong><\/p>\n<p>\u2022 Os rolos possuem 100 metros.<\/p>\n<p>\u2022 Os dados da tabela est\u00e3o sujeitos a altera\u00e7\u00f5es, sem pr\u00e9vio aviso.<\/p>\n","protected":false},"featured_media":8552,"comment_status":"open","ping_status":"closed","template":"","meta":[],"product_cat":[194,221],"product_tag":[2786,3455,3242,2784,3454],"_links":{"self":[{"href":"https:\/\/trenaferragens.com.br\/index.php?rest_route=\/wp\/v2\/product\/8551"}],"collection":[{"href":"https:\/\/trenaferragens.com.br\/index.php?rest_route=\/wp\/v2\/product"}],"about":[{"href":"https:\/\/trenaferragens.com.br\/index.php?rest_route=\/wp\/v2\/types\/product"}],"replies":[{"embeddable":true,"href":"https:\/\/trenaferragens.com.br\/index.php?rest_route=%2Fwp%2Fv2%2Fcomments&post=8551"}],"wp:featuredmedia":[{"embeddable":true,"href":"https:\/\/trenaferragens.com.br\/index.php?rest_route=\/wp\/v2\/media\/8552"}],"wp:attachment":[{"href":"https:\/\/trenaferragens.com.br\/index.php?rest_route=%2Fwp%2Fv2%2Fmedia&parent=8551"}],"wp:term":[{"taxonomy":"product_cat","embeddable":true,"href":"https:\/\/trenaferragens.com.br\/index.php?rest_route=%2Fwp%2Fv2%2Fproduct_cat&post=8551"},{"taxonomy":"product_tag","embeddable":true,"href":"https:\/\/trenaferragens.com.br\/index.php?rest_route=%2Fwp%2Fv2%2Fproduct_tag&post=8551"}],"curies":[{"name":"wp","href":"https:\/\/api.w.org\/{rel}","templated":true}]}}