{"id":8586,"date":"2021-11-09T18:55:05","date_gmt":"2021-11-09T18:55:05","guid":{"rendered":"https:\/\/trenaferragens.com.br\/?post_type=product&#038;p=8586"},"modified":"2021-11-09T18:55:56","modified_gmt":"2021-11-09T18:55:56","slug":"acabamento-valvula-hydra-pro-max","status":"publish","type":"product","link":"https:\/\/trenaferragens.com.br\/?product=acabamento-valvula-hydra-pro-max","title":{"rendered":"Acabamento V\u00e1lvula Hydra PRO MAX"},"content":{"rendered":"<h2>DECA<\/h2>\n<p>Design, qualidade e inova\u00e7\u00e3o sempre foram conceitos que diferenciaram a\u00a0<strong>Deca<\/strong>\u00a0ao longo de sua hist\u00f3ria. S\u00e3o eles que fazem da empresa a maior fabricante de lou\u00e7as e metais sanit\u00e1rios do Hemisf\u00e9rio Sul e l\u00edder no mercado brasileiro, al\u00e9m de exportadora para os quatro continentes. Investindo constantemente em pesquisa e desenvolvimento tecnol\u00f3gico, a\u00a0<strong>Deca<\/strong>\u00a0se preocupa em oferecer produtos e solu\u00e7\u00f5es para clientes e consumidores, sempre buscando a excel\u00eancia em servi\u00e7os e uma gest\u00e3o sustent\u00e1vel.<\/p>\n","protected":false},"excerpt":{"rendered":"<div class=\"product-details\">\n<div class=\"product-details\">\n<blockquote><p>A Hydra Max Pro tem design consagrado e sistema antivandalismo. Ideal para uso p\u00fablico.<\/p><\/blockquote>\n<h3 class=\"product-details__title\">Atributos<\/h3>\n<ul class=\"product-detail__list\">\n<li class=\"product-details__list-item\">Os produtos antivandalismo s\u00e3o projetados para instala\u00e7\u00e3o em locais p\u00fablicos com grande circula\u00e7\u00e3o de pessoas, tendo elevada durabilidade e resist\u00eancia a atos de depreda\u00e7\u00e3o, vandalismo e furto.<\/li>\n<li class=\"product-details__list-item\">Pode ser instalada em qualquer bacia convencional<\/li>\n<li class=\"product-details__list-item\">Indicado para hospitais.<\/li>\n<li class=\"product-details__list-item\">Indicado para ambientes p\u00fablicos.<\/li>\n<li class=\"product-details__list-item\">Possui regulagem de vaz\u00e3o<\/li>\n<\/ul>\n<\/div>\n<div class=\"product-details\">\n<h3 class=\"product-details__title\">Dimens\u00f5es<\/h3>\n<ul class=\"product-detail__list\">\n<li style=\"list-style-type: none;\">\n<ul class=\"product-detail__list\">\n<li class=\"product-details__list-item\">Altura:\u00a0<em>113mm<\/em><\/li>\n<li class=\"product-details__list-item\">Comprimento:\u00a0<em>54mm<\/em><\/li>\n<li class=\"product-details__list-item\">Largura:\u00a0<em>111mm<\/em><\/li>\n<\/ul>\n<\/li>\n<\/ul>\n<p><small>OBS: Dimens\u00f5es do produto sem embalagem<\/small><\/p>\n<\/div>\n<div class=\"product-details\">\n<h3 class=\"product-details__title\">Dados t\u00e9cnicos<\/h3>\n<ul class=\"product-detail__list\">\n<li class=\"product-details__list-item\">Peso L\u00edquido:\u00a0<em>2.403<\/em><\/li>\n<li class=\"product-details__list-item\">Peso Bruto:\u00a0<em>2.527<\/em><\/li>\n<li class=\"product-details__list-item\">Composi\u00e7\u00e3o B\u00e1sica:\u00a0<em>Liga de Cobre (bronze e lat\u00e3o),Pl\u00e1sticos de Engenharia,Elast\u00f4meros<\/em><\/li>\n<li class=\"product-details__list-item\">Tipo de Normatiza\u00e7\u00e3o:\u00a0<em>Volunt\u00e1ria<\/em><\/li>\n<li class=\"product-details__list-item\">N\u00famero Norma \/ Decreto:\u00a0<em>NBR15857<\/em><\/li>\n<li class=\"product-details__list-item\">Bitola de entrada de \u00e1gua:\u00a0<em>1 1\/2&#8243; &#8211; DN40<\/em><\/li>\n<li class=\"product-details__list-item\">Press\u00e3o m\u00edn funcionamento mca:\u00a0<em>2<\/em><\/li>\n<li class=\"product-details__list-item\">Press\u00e3o max funcionamento mca:\u00a0<em>10<\/em><\/li>\n<\/ul>\n<\/div>\n<\/div>\n","protected":false},"featured_media":8587,"comment_status":"open","ping_status":"closed","template":"","meta":[],"product_cat":[1024,1023,312],"product_tag":[3131,2400,2444,3285,3087],"_links":{"self":[{"href":"https:\/\/trenaferragens.com.br\/index.php?rest_route=\/wp\/v2\/product\/8586"}],"collection":[{"href":"https:\/\/trenaferragens.com.br\/index.php?rest_route=\/wp\/v2\/product"}],"about":[{"href":"https:\/\/trenaferragens.com.br\/index.php?rest_route=\/wp\/v2\/types\/product"}],"replies":[{"embeddable":true,"href":"https:\/\/trenaferragens.com.br\/index.php?rest_route=%2Fwp%2Fv2%2Fcomments&post=8586"}],"wp:featuredmedia":[{"embeddable":true,"href":"https:\/\/trenaferragens.com.br\/index.php?rest_route=\/wp\/v2\/media\/8587"}],"wp:attachment":[{"href":"https:\/\/trenaferragens.com.br\/index.php?rest_route=%2Fwp%2Fv2%2Fmedia&parent=8586"}],"wp:term":[{"taxonomy":"product_cat","embeddable":true,"href":"https:\/\/trenaferragens.com.br\/index.php?rest_route=%2Fwp%2Fv2%2Fproduct_cat&post=8586"},{"taxonomy":"product_tag","embeddable":true,"href":"https:\/\/trenaferragens.com.br\/index.php?rest_route=%2Fwp%2Fv2%2Fproduct_tag&post=8586"}],"curies":[{"name":"wp","href":"https:\/\/api.w.org\/{rel}","templated":true}]}}