{"id":8625,"date":"2021-11-18T16:06:39","date_gmt":"2021-11-18T16:06:39","guid":{"rendered":"https:\/\/trenaferragens.com.br\/?post_type=product&#038;p=8625"},"modified":"2021-11-18T17:27:25","modified_gmt":"2021-11-18T17:27:25","slug":"grelha-piso","status":"publish","type":"product","link":"https:\/\/trenaferragens.com.br\/?product=grelha-piso","title":{"rendered":"Grelha Piso"},"content":{"rendered":"<p>TIGRE METAIS<\/p>\n<p>Multinacional brasileira, l\u00edder nos diversos mercados em que atua, a Tigre \u00e9 sin\u00f4nimo de pioneirismo e inova\u00e7\u00e3o. A marca oferece produtos que atendem os mercados predial, de infraestrutura, de irriga\u00e7\u00e3o e industrial. O grupo est\u00e1 presente em cerca de 40 pa\u00edses, possui sete mil funcion\u00e1rios, nove plantas no Brasil e 13 no exterior. Al\u00e9m de tubos e conex\u00f5es, tamb\u00e9m fazem parte do portf\u00f3lio as marcas Tigre Ferramentas para Pintura e Tigre-ADS, com tubula\u00e7\u00f5es de PEAD para saneamento e drenagem.<\/p>\n","protected":false},"excerpt":{"rendered":"<p>A linha de grelhas e calhas de piso Tigre vai coletar e conduzir a \u00e1gua e outros l\u00edquidos dos pisos de p\u00e1tios, jardins, estacionamentos, garagens e piscinas. S\u00e3o v\u00e1rias cores para combinar com o seu projeto e ainda a op\u00e7\u00e3o de grelha articulada para aplicar em locais com curvas. Opte pela qualidade e seguran\u00e7a dos produtos Tigre.<\/p>\n<p>&#8211; Marca: Tigre<br \/>\n&#8211; Cor: Cinza, Branca e Areia<br \/>\n&#8211; Capacidade: 3 toneladas<\/p>\n<p>&#8211; Medida: 13 x 50 cm e 20 x 50 cm<\/p>\n<table class=\"andes-table\">\n<tbody class=\"andes-table__body\">\n<tr class=\"andes-table__row\">\n<th class=\"andes-table__header andes-table__header--left ui-pdp-specs__table__column ui-pdp-specs__table__column-title\">Marca<\/th>\n<td class=\"andes-table__column andes-table__column--left ui-pdp-specs__table__column\"><span class=\"andes-table__column--value\">Tigre<\/span><\/td>\n<\/tr>\n<tr class=\"andes-table__row\">\n<th class=\"andes-table__header andes-table__header--left ui-pdp-specs__table__column ui-pdp-specs__table__column-title\">Linha<\/th>\n<td class=\"andes-table__column andes-table__column--left ui-pdp-specs__table__column\"><span class=\"andes-table__column--value\">RALOS<\/span><\/td>\n<\/tr>\n<tr class=\"andes-table__row\">\n<th class=\"andes-table__header andes-table__header--left ui-pdp-specs__table__column ui-pdp-specs__table__column-title\">Modelo<\/th>\n<td class=\"andes-table__column andes-table__column--left ui-pdp-specs__table__column\"><span class=\"andes-table__column--value\">GRELHA RALO TIGRE RESISTENTE PISO<\/span><\/td>\n<\/tr>\n<tr class=\"andes-table__row\">\n<th class=\"andes-table__header andes-table__header--left ui-pdp-specs__table__column ui-pdp-specs__table__column-title\">Comprimento x Largura<\/th>\n<td class=\"andes-table__column andes-table__column--left ui-pdp-specs__table__column\"><span class=\"andes-table__column--value\">50 cm x 13 cm e 50 cm x 20 cm<\/span><\/td>\n<\/tr>\n<\/tbody>\n<\/table>\n","protected":false},"featured_media":8628,"comment_status":"open","ping_status":"closed","template":"","meta":[],"product_cat":[168,1101,300],"product_tag":[3467,3105,3130],"_links":{"self":[{"href":"https:\/\/trenaferragens.com.br\/index.php?rest_route=\/wp\/v2\/product\/8625"}],"collection":[{"href":"https:\/\/trenaferragens.com.br\/index.php?rest_route=\/wp\/v2\/product"}],"about":[{"href":"https:\/\/trenaferragens.com.br\/index.php?rest_route=\/wp\/v2\/types\/product"}],"replies":[{"embeddable":true,"href":"https:\/\/trenaferragens.com.br\/index.php?rest_route=%2Fwp%2Fv2%2Fcomments&post=8625"}],"wp:featuredmedia":[{"embeddable":true,"href":"https:\/\/trenaferragens.com.br\/index.php?rest_route=\/wp\/v2\/media\/8628"}],"wp:attachment":[{"href":"https:\/\/trenaferragens.com.br\/index.php?rest_route=%2Fwp%2Fv2%2Fmedia&parent=8625"}],"wp:term":[{"taxonomy":"product_cat","embeddable":true,"href":"https:\/\/trenaferragens.com.br\/index.php?rest_route=%2Fwp%2Fv2%2Fproduct_cat&post=8625"},{"taxonomy":"product_tag","embeddable":true,"href":"https:\/\/trenaferragens.com.br\/index.php?rest_route=%2Fwp%2Fv2%2Fproduct_tag&post=8625"}],"curies":[{"name":"wp","href":"https:\/\/api.w.org\/{rel}","templated":true}]}}