{"id":8643,"date":"2021-11-18T18:34:25","date_gmt":"2021-11-18T18:34:25","guid":{"rendered":"https:\/\/trenaferragens.com.br\/?post_type=product&#038;p=8643"},"modified":"2021-11-18T18:34:25","modified_gmt":"2021-11-18T18:34:25","slug":"fio-cabo-rigido","status":"publish","type":"product","link":"https:\/\/trenaferragens.com.br\/?product=fio-cabo-rigido","title":{"rendered":"Fio Cabo Rigido"},"content":{"rendered":"<h2><strong>Nambei<\/strong><\/h2>\n<p>Desde 1971 a Nambei se preocupa investindo em modernos equipamentos e em profissionais capacitados com o objetivo de atender seus clientes com qualidade em toda a sua linha de produtos.<\/p>\n<p>Tradi\u00e7\u00e3o, credibilidade e padr\u00e3o de refer\u00eancia s\u00e3o algumas das express\u00f5es capazes de resumir a ess\u00eancia da Nambei. A empresa est\u00e1 presente em todo o Brasil, atuando nos principais setores da economia como: ind\u00fastrias, concession\u00e1rias de energia el\u00e9trica, home centers, agroneg\u00f3cios, materiais de constru\u00e7\u00e3o, revendas de materiais el\u00e9tricos, construtoras e instaladoras.<\/p>\n<p>Com uma \u00e1rea pr\u00f3pria de 49.000m\u00b2, a f\u00e1brica est\u00e1 localizada em Ferraz de Vasconcelos, S\u00e3o Paulo, e dedica-se ao aprimoramento e desenvolvimento de sua linha de produtos, onde cada fase do processo produtivo, os materiais s\u00e3o inspecionados obedecendo \u00e0s normas da ABNT.<\/p>\n<p>Toda essa estrutura aliada \u00e0 experi\u00eancia e ao respeito ao mercado possibilitaram \u00e0 Nambei conquistar certifica\u00e7\u00f5es e pr\u00eamios importantes, como ISO 9001\/2008, e os Certificados de Conformidade e Produtos emitidos pela T\u00dcV Rheinland do Brasil \u2013 organismo acreditado pelo INMETRO.<\/p>\n<p>Buscamos excel\u00eancia na fabrica\u00e7\u00e3o e comercializa\u00e7\u00e3o de condutores el\u00e9tricos, refletindo em uma linha cada vez mais completa.<\/p>\n","protected":false},"excerpt":{"rendered":"<p>Cores: Preto, Azul , vermelho<br \/>\nTamanhos: 25mm, 30mm, 50mm, 95mm , 120mm, 150mm e 185mm<br \/>\nComposi\u00e7\u00e3o cobre, pvc\/a bwf-b<\/p>\n<p>Os cabos Nambei s\u00e3o recomendados para instala\u00e7\u00f5es internas fixas: industriais, comerciais, residenciais de luz e for\u00e7a com tens\u00f5es nominais.<\/p>\n<p>Constru\u00e7\u00e3o<br \/>\nCondutor formado por fios de cobre eletrol\u00edtico, t\u00eampera mole, encordoamento com forma\u00e7\u00e3o classe 4 e classe 5.<br \/>\nIsola\u00e7\u00e3o<br \/>\nIsola\u00e7\u00e3o de pvc 70 \u00ba c (poli cloreto de vinila) antichama, com caracter\u00edsticas especiais quanto \u00e0 n\u00e3o propaga\u00e7\u00e3o e auto extin\u00e7\u00e3o do fogo (pvc\/a-bwf-b).<\/p>\n<p>Norma aplic\u00e1vel do produto<br \/>\nNbr nm 247-3: cabos isolados sem pvc para tens\u00f5es nominais at\u00e9 750 v<br \/>\nNbr nm 280: condutores de cabos isolados<br \/>\nNorma de instala\u00e7\u00e3o<br \/>\nInstala\u00e7\u00e3o de acordo com a nbr 5410<\/p>\n<p>Acondicionamento<br \/>\nOs cabos s\u00e3o fornecidos em rolos<br \/>\nCabo flex\u00edvel<br \/>\nQualidade certificada iso 9001.<\/p>\n","protected":false},"featured_media":8644,"comment_status":"open","ping_status":"closed","template":"","meta":[],"product_cat":[194,221,222],"product_tag":[3255,3237,3477,3478],"_links":{"self":[{"href":"https:\/\/trenaferragens.com.br\/index.php?rest_route=\/wp\/v2\/product\/8643"}],"collection":[{"href":"https:\/\/trenaferragens.com.br\/index.php?rest_route=\/wp\/v2\/product"}],"about":[{"href":"https:\/\/trenaferragens.com.br\/index.php?rest_route=\/wp\/v2\/types\/product"}],"replies":[{"embeddable":true,"href":"https:\/\/trenaferragens.com.br\/index.php?rest_route=%2Fwp%2Fv2%2Fcomments&post=8643"}],"wp:featuredmedia":[{"embeddable":true,"href":"https:\/\/trenaferragens.com.br\/index.php?rest_route=\/wp\/v2\/media\/8644"}],"wp:attachment":[{"href":"https:\/\/trenaferragens.com.br\/index.php?rest_route=%2Fwp%2Fv2%2Fmedia&parent=8643"}],"wp:term":[{"taxonomy":"product_cat","embeddable":true,"href":"https:\/\/trenaferragens.com.br\/index.php?rest_route=%2Fwp%2Fv2%2Fproduct_cat&post=8643"},{"taxonomy":"product_tag","embeddable":true,"href":"https:\/\/trenaferragens.com.br\/index.php?rest_route=%2Fwp%2Fv2%2Fproduct_tag&post=8643"}],"curies":[{"name":"wp","href":"https:\/\/api.w.org\/{rel}","templated":true}]}}