{"id":8683,"date":"2021-12-07T20:09:51","date_gmt":"2021-12-07T20:09:51","guid":{"rendered":"https:\/\/trenaferragens.com.br\/?post_type=product&#038;p=8683"},"modified":"2021-12-07T20:09:54","modified_gmt":"2021-12-07T20:09:54","slug":"filtro-cartucho-aqualar-bella-fonte-refil","status":"publish","type":"product","link":"https:\/\/trenaferragens.com.br\/?product=filtro-cartucho-aqualar-bella-fonte-refil","title":{"rendered":"Filtro Cartucho Aqualar Bella Fonte Refil"},"content":{"rendered":"<h1><strong>3M<\/strong><\/h1>\n<p>A 3M \u00e9 fundamentalmente uma companhia de base cient\u00edfica. Produzimos milhares de produtos imaginativos e somos l\u00edderes em n\u00fameros de mercados de atua\u00e7\u00e3o &#8211; de cuidados com a sa\u00fade e seguran\u00e7a no tr\u00e1fego a produtos para escrit\u00f3rio, abrasivos e adesivos. O sucesso da companhia come\u00e7a com a habilidade de aplicar nossas tecnologias &#8211; frequentemente por meio de combina\u00e7\u00f5es &#8211; em uma variedade infinita de necessidades dos nossos clientes. Obviamente, tudo isso \u00e9 poss\u00edvel devido \u00e0s pessoas da 3M e ao seu compromisso \u00fanico de tornar a vida das pessoas mais f\u00e1cil e melhor no mundo todo.<\/p>\n","protected":false},"excerpt":{"rendered":"<ul class=\"MMM--pdpList SNAPS--bullets\">\n<li>O refil Bella Fonte \u00e9 um aparelho certificado pelo INMETRO para beneficiamento da \u00e1gua pot\u00e1vel, de acordo com a Portaria 2914 do Minist\u00e9rio da Sa\u00fade.<\/li>\n<li>Remove sujidades presentes na \u00e1gua pot\u00e1vel como por exemplo: ferrugem, part\u00edculas de areia, sedimentos, al\u00e9m de reduzir odores e gostos indesej\u00e1veis como os de cloro.<\/li>\n<li>Alta performance na redu\u00e7\u00e3o de gostos e odores indesej\u00e1veis, incluindo os de cloro;<\/li>\n<li>Reduz subst\u00e2ncias que conferem cor,turbidez, odor e gosto na \u00e1gua pot\u00e1vel.<\/li>\n<li>Ao realizar a troca, deve ser utilizado refil exclusivo para o filtro de \u00e1gua Bella Fonte, pois ele tem encaixe perfeito com a base do filtro.<\/li>\n<li>Garantia: 2 anos<\/li>\n<li>Ret\u00e9m, em pelo menos 85%, as part\u00edculas presentes na \u00e1gua com di\u00e2metro entre 5 e 15 micra (Classe C)<\/li>\n<li>Reduz em pelo menos 75% a concentra\u00e7\u00e3o de cloro livre dispon\u00edvel.<\/li>\n<li>Aprovado de acordo com NBR 16098<\/li>\n<li>Vaz\u00e3o m\u00e1xima:340 litros por hora<\/li>\n<li>Vida \u00fatil nominal: 3.000 L<\/li>\n<li>Press\u00e3o est\u00e1tica m\u00ednima no ponto de instala\u00e7\u00e3o:20 kPa (2 metros de coluna de \u00e1gua)<\/li>\n<li>Press\u00e3o est\u00e1tica m\u00e1xima no ponto de instala\u00e7\u00e3o:400 kPa (40 metros de coluna de \u00e1gua)<\/li>\n<\/ul>\n<p class=\"SNAPS--pdpTabDes\">O refil para o filtro de \u00e1gua Bella Fonte deixa a \u00e1gua livre de materiais particulados como areia, barro, ferrugem, poeiras e outros sedimentos, al\u00e9m de eliminar mais de 75% do odor e gosto do cloro presente na \u00e1gua pot\u00e1vel.<\/p>\n<p class=\"SNAPS--pdpTabDes\">A troca do refil \u00e9 r\u00e1pida e f\u00e1cil, feita sem necessidade de assist\u00eancia t\u00e9cnica. Recomendase a troca do refil a cada 6 meses, dependendo do volume de uso e da qualidade da \u00e1gua.<\/p>\n<h4 class=\"MMM--hdg MMM--pdpTabVr SNAPS--pdpTabVr\">Aplica\u00e7\u00f5es sugeridas<\/h4>\n<ul class=\"MMM--pdpList SNAPS--bullets\">\n<li>O modelo Bella Fonte \u00e9 ideal para ser instalado na cozinha da sua casa, seja na parede, seja acoplado na torneira, sem necessidade de ser ligado \u00e0 tomada.<\/li>\n<li>Refil espec\u00edfico para o filtro de \u00e1gua Bella Fonte.<\/li>\n<li>A troca do refil dos filtros de \u00e1gua da linha 3M \u00e9 f\u00e1cil, pr\u00e1tica e econ\u00f4mica, sem necessidade de assist\u00eancia t\u00e9cnica<\/li>\n<li>O per\u00edodo recomendado para troca do refil \u00e9 de 6 (seis) meses, o que pode variar dependendo do volume de uso e da qualidade da \u00e1gua da rede p\u00fablica.<\/li>\n<\/ul>\n","protected":false},"featured_media":8686,"comment_status":"open","ping_status":"closed","template":"","meta":[],"product_cat":[192,1192,168],"product_tag":[3282,3489,3488,3068],"_links":{"self":[{"href":"https:\/\/trenaferragens.com.br\/index.php?rest_route=\/wp\/v2\/product\/8683"}],"collection":[{"href":"https:\/\/trenaferragens.com.br\/index.php?rest_route=\/wp\/v2\/product"}],"about":[{"href":"https:\/\/trenaferragens.com.br\/index.php?rest_route=\/wp\/v2\/types\/product"}],"replies":[{"embeddable":true,"href":"https:\/\/trenaferragens.com.br\/index.php?rest_route=%2Fwp%2Fv2%2Fcomments&post=8683"}],"wp:featuredmedia":[{"embeddable":true,"href":"https:\/\/trenaferragens.com.br\/index.php?rest_route=\/wp\/v2\/media\/8686"}],"wp:attachment":[{"href":"https:\/\/trenaferragens.com.br\/index.php?rest_route=%2Fwp%2Fv2%2Fmedia&parent=8683"}],"wp:term":[{"taxonomy":"product_cat","embeddable":true,"href":"https:\/\/trenaferragens.com.br\/index.php?rest_route=%2Fwp%2Fv2%2Fproduct_cat&post=8683"},{"taxonomy":"product_tag","embeddable":true,"href":"https:\/\/trenaferragens.com.br\/index.php?rest_route=%2Fwp%2Fv2%2Fproduct_tag&post=8683"}],"curies":[{"name":"wp","href":"https:\/\/api.w.org\/{rel}","templated":true}]}}