{"id":8691,"date":"2021-12-07T20:15:08","date_gmt":"2021-12-07T20:15:08","guid":{"rendered":"https:\/\/trenaferragens.com.br\/?post_type=product&#038;p=8691"},"modified":"2021-12-07T20:21:27","modified_gmt":"2021-12-07T20:21:27","slug":"caixa-termica-34-litros-mor","status":"publish","type":"product","link":"https:\/\/trenaferragens.com.br\/?product=caixa-termica-34-litros-mor","title":{"rendered":"Caixa T\u00e9rmica 34 Litros MOR"},"content":{"rendered":"<p>Caixa T\u00e9rmica 34 Litros MOR<\/p>\n<p>Para acompanhar seu dia na praia, camping ou at\u00e9 mesmo garantir as bebidas geladas e os lanchinhos em longas viagens, a Caixa T\u00e9rmica 34 Litros da Mor \u00e9 item indispens\u00e1vel! As Caixas T\u00e9rmicas Mor possuem parte interna e externa em polipropileno injetado, tampa soprada e contam com isolamento em isopor. Al\u00e9m disso, s\u00e3o desenvolvidas com material 100% virgem, at\u00f3xico e sem odor, o que garante a qualidade e a durabilidade do produto. As dimens\u00f5es internas da Caixa T\u00e9rmica permitem que sejam armazenadas 50 latinhas de 350ml ou 7 unidades de garrafas pet de 2 Litros em p\u00e9 ou deitadas. Sua tampa possui design que permite apoiar 3 latinhas e outros objetos na parte superior. Para facilitar o transporte, possui uma al\u00e7a pr\u00e1tica para voc\u00ea carregar sempre que desejar garantir as bebidas geladinhas para a reuni\u00e3o com amigos ou familiares! Dispon\u00edvel nas cores azul e vermelha. Escolha j\u00e1 a sua!<\/p>\n","protected":false},"excerpt":{"rendered":"<div class=\"product-specification__title\">Especifica\u00e7\u00f5es<\/div>\n<div id=\"caracteristicas\">\n<table class=\"group Atributos\" cellspacing=\"0\">\n<tbody>\n<tr class=\"even\">\n<th class=\"name-field Material\">MATERIAL<\/th>\n<td class=\"value-field Material\">Polipropileno<\/td>\n<\/tr>\n<tr>\n<th class=\"name-field Cor-Predominante\">COR PREDOMINANTE<\/th>\n<td class=\"value-field Cor-Predominante\">Azul<\/td>\n<\/tr>\n<tr class=\"even\">\n<th class=\"name-field Capacidade\">CAPACIDADE<\/th>\n<td class=\"value-field Capacidade\">34 litros<\/td>\n<\/tr>\n<tr>\n<th class=\"name-field Informacoes-importantes\">INFORMA\u00c7\u00d5ES<\/p>\n<p>IMPORTANTES<\/th>\n<td class=\"value-field Informacoes-importantes\">Dimens\u00e3o interna da caixa t\u00e9rmica: 39,5 cm x 27,5 cm x 34 cm<\/p>\n<p>Capacidade da caixa:<br \/>\nLatinha: 50 unidades de 350 ml<br \/>\nGarrafa pet: 7 unidades de 2 l &#8211; deitadas ou em p\u00e9<\/td>\n<\/tr>\n<tr class=\"even\">\n<th class=\"name-field Observacoes\">OBSERVA\u00c7\u00d5ES<\/th>\n<td class=\"value-field Observacoes\">Os objetos que ambientam as imagens n\u00e3o acompanham o produto!<\/td>\n<\/tr>\n<tr>\n<th class=\"name-field Garantia\">GARANTIA<\/th>\n<td class=\"value-field Garantia\">90 Dias<\/td>\n<\/tr>\n<tr>\n<th>ALTURA<\/th>\n<td>41,00 Cent\u00edmetros<\/td>\n<\/tr>\n<tr>\n<th>LARGURA<\/th>\n<td>31,50 Cent\u00edmetros<\/td>\n<\/tr>\n<tr>\n<th>COMPRIMENTO<\/th>\n<td>47,50 Cent\u00edmetros<\/td>\n<\/tr>\n<tr>\n<th>PESO<\/th>\n<td>2,45 Kilogramas<\/td>\n<\/tr>\n<\/tbody>\n<\/table>\n<\/div>\n","protected":false},"featured_media":8692,"comment_status":"open","ping_status":"closed","template":"","meta":[],"product_cat":[1042,1047],"product_tag":[3495,3499,3497,3496,3498,3491],"_links":{"self":[{"href":"https:\/\/trenaferragens.com.br\/index.php?rest_route=\/wp\/v2\/product\/8691"}],"collection":[{"href":"https:\/\/trenaferragens.com.br\/index.php?rest_route=\/wp\/v2\/product"}],"about":[{"href":"https:\/\/trenaferragens.com.br\/index.php?rest_route=\/wp\/v2\/types\/product"}],"replies":[{"embeddable":true,"href":"https:\/\/trenaferragens.com.br\/index.php?rest_route=%2Fwp%2Fv2%2Fcomments&post=8691"}],"wp:featuredmedia":[{"embeddable":true,"href":"https:\/\/trenaferragens.com.br\/index.php?rest_route=\/wp\/v2\/media\/8692"}],"wp:attachment":[{"href":"https:\/\/trenaferragens.com.br\/index.php?rest_route=%2Fwp%2Fv2%2Fmedia&parent=8691"}],"wp:term":[{"taxonomy":"product_cat","embeddable":true,"href":"https:\/\/trenaferragens.com.br\/index.php?rest_route=%2Fwp%2Fv2%2Fproduct_cat&post=8691"},{"taxonomy":"product_tag","embeddable":true,"href":"https:\/\/trenaferragens.com.br\/index.php?rest_route=%2Fwp%2Fv2%2Fproduct_tag&post=8691"}],"curies":[{"name":"wp","href":"https:\/\/api.w.org\/{rel}","templated":true}]}}