{"id":8696,"date":"2021-12-07T20:22:19","date_gmt":"2021-12-07T20:22:19","guid":{"rendered":"https:\/\/trenaferragens.com.br\/?post_type=product&#038;p=8696"},"modified":"2021-12-07T20:46:19","modified_gmt":"2021-12-07T20:46:19","slug":"churrasqueira-montana-mor","status":"publish","type":"product","link":"https:\/\/trenaferragens.com.br\/?product=churrasqueira-montana-mor","title":{"rendered":"Churrasqueira Montana MOR"},"content":{"rendered":"<p>Churrasqueira Montana MOR<\/p>\n<p>Para n\u00e3o perder tempo no preparo daquele saboroso churrasco, a Churrasqueira Montana da Mor \u00e9 a op\u00e7\u00e3o perfeita! Ideal para assar as carnes de que voc\u00ea mais gosta a qualquer hora, ela \u00e9 leve, f\u00e1cil de montar, desmontar e transportar. A estrutura da Montana \u00e9 resistente, composta de a\u00e7o com acabamento em pintura preta \u00e0 base de \u00e1gua e foi projetada para ser utilizada em todo tipo de ambiente externo. Al\u00e9m disso, ela \u00e9 muito simples de limpar: basta um pano macio e \u00famido com sab\u00e3o ou detergente neutro e pronto! Sua Montana estar\u00e1 prontinha para a pr\u00f3xima utiliza\u00e7\u00e3o e garantindo sua durabilidade. Al\u00e9m de ter o tamanho ideal para voc\u00ea curtir um churrasquinho com os amigos ? possui dois suportes com alturas diferentes para posicionar seus espetos &#8211; ela j\u00e1 vem com acess\u00f3rios cromados: uma grelha, dois espetos simples e um espeto duplo, prontinha para a inaugura\u00e7\u00e3o! Garanta j\u00e1 a sua!<\/p>\n","protected":false},"excerpt":{"rendered":"<div class=\"product-specification__title\">\n<div class=\"product-specification__title\">Especifica\u00e7\u00f5es<\/div>\n<div id=\"caracteristicas\">\n<table class=\"group Atributos\" cellspacing=\"0\">\n<tbody>\n<tr class=\"even\">\n<th class=\"name-field Material\">MATERIAL<\/th>\n<td class=\"value-field Material\">A\u00e7o Pintado<\/td>\n<\/tr>\n<tr>\n<th class=\"name-field Cor-Predominante\">COR PREDOMINANTE<\/th>\n<td class=\"value-field Cor-Predominante\">Preto<\/td>\n<\/tr>\n<tr class=\"even\">\n<th class=\"name-field Informacoes-importantes\">INFORMA\u00c7\u00d5ES IMPORTANTES<\/th>\n<td class=\"value-field Informacoes-importantes\">Medidas: 54cm x 35cm x 64cm<br \/>\n01 Grelha &#8211; 46,7 cm x 16,7 cm x 1,5cm<br \/>\n02 Espetos simples &#8211; 48cm<br \/>\n01 Espeto duplo &#8211; 48cm<br \/>\nMedidas da bacia: 49,5cm x 34,5cm x 5,5cm<\/td>\n<\/tr>\n<tr>\n<th class=\"name-field Observacoes\">OBSERVA\u00c7\u00d5ES<\/th>\n<td class=\"value-field Observacoes\">Os objetos que ambientam as imagens n\u00e3o acompanham o produto!<\/td>\n<\/tr>\n<tr class=\"even\">\n<th class=\"name-field Garantia\">GARANTIA<\/th>\n<td class=\"value-field Garantia\">90 Dias<\/td>\n<\/tr>\n<tr>\n<th>ALTURA<\/th>\n<td>64,00 Cent\u00edmetros<\/td>\n<\/tr>\n<tr>\n<th>LARGURA<\/th>\n<td>35,00 Cent\u00edmetros<\/td>\n<\/tr>\n<tr>\n<th>COMPRIMENTO<\/th>\n<td>54,00 Cent\u00edmetros<\/td>\n<\/tr>\n<tr>\n<th>PESO<\/th>\n<td>2,86 Kilogramas<\/td>\n<\/tr>\n<\/tbody>\n<\/table>\n<\/div>\n<\/div>\n","protected":false},"featured_media":8697,"comment_status":"open","ping_status":"closed","template":"","meta":[],"product_cat":[1042,1047],"product_tag":[3500,3502,3503,3501,3491],"_links":{"self":[{"href":"https:\/\/trenaferragens.com.br\/index.php?rest_route=\/wp\/v2\/product\/8696"}],"collection":[{"href":"https:\/\/trenaferragens.com.br\/index.php?rest_route=\/wp\/v2\/product"}],"about":[{"href":"https:\/\/trenaferragens.com.br\/index.php?rest_route=\/wp\/v2\/types\/product"}],"replies":[{"embeddable":true,"href":"https:\/\/trenaferragens.com.br\/index.php?rest_route=%2Fwp%2Fv2%2Fcomments&post=8696"}],"wp:featuredmedia":[{"embeddable":true,"href":"https:\/\/trenaferragens.com.br\/index.php?rest_route=\/wp\/v2\/media\/8697"}],"wp:attachment":[{"href":"https:\/\/trenaferragens.com.br\/index.php?rest_route=%2Fwp%2Fv2%2Fmedia&parent=8696"}],"wp:term":[{"taxonomy":"product_cat","embeddable":true,"href":"https:\/\/trenaferragens.com.br\/index.php?rest_route=%2Fwp%2Fv2%2Fproduct_cat&post=8696"},{"taxonomy":"product_tag","embeddable":true,"href":"https:\/\/trenaferragens.com.br\/index.php?rest_route=%2Fwp%2Fv2%2Fproduct_tag&post=8696"}],"curies":[{"name":"wp","href":"https:\/\/api.w.org\/{rel}","templated":true}]}}