{"id":8732,"date":"2022-01-19T14:35:29","date_gmt":"2022-01-19T14:35:29","guid":{"rendered":"https:\/\/trenaferragens.com.br\/?post_type=product&#038;p=8732"},"modified":"2022-01-19T14:37:15","modified_gmt":"2022-01-19T14:37:15","slug":"abracadeira-aco-s-fim","status":"publish","type":"product","link":"https:\/\/trenaferragens.com.br\/?product=abracadeira-aco-s-fim","title":{"rendered":"Abra\u00e7adeira A\u00e7o S\/Fim"},"content":{"rendered":"<h4 class=\"title\"><span style=\"font-size: 20.16px;\">LOTUS<\/span><\/h4>\n<div class=\"col-md-6\">\n<p align=\"justify\"><span style=\"font-size: medium;\">A Lotus Comercial Ltda \u00e9 uma empresa jovem e din\u00e2mica, que em pouco tempo logrou conquistar posi\u00e7\u00e3o de destaque no mercado de importa\u00e7\u00e3o e\u00a0distribui\u00e7\u00e3o de ferramentas profissionais de qualidade.<br \/>\nA combina\u00e7\u00e3o sin\u00e9rgica e harm\u00f4nica de fabricantes e fornecedores altamente confi\u00e1veis, canais de distribui\u00e7\u00e3o especializados, equipe de vendas motivada e servi\u00e7os de apoio eficientes tem proporcionado \u00e0 Lotus r\u00e1pido desenvolvimento e perspectivas de crescimento ilimitadas.<\/span><\/p>\n<p align=\"justify\"><span style=\"font-size: medium; color: #555555;\">A Lotus oferece ampla variedade de ferramentas manuais de uso profissional, fabricadas de acordo com rigorosos padr\u00f5es de qualidade, com design, desempenho e acabamento equivalentes \u00e0s melhores marcas internacionais.\u00a0<\/span><\/p>\n<\/div>\n<div class=\"col-md-6\">\n<p align=\"justify\"><span style=\"font-size: medium;\">O permanente foco no mercado, com presen\u00e7a constante nas principais feiras do exterior e nos fornecedores e fabricantes internacionais, proporciona uma posi\u00e7\u00e3o privilegiada, que assegura constante amplia\u00e7\u00e3o da linha, com novos artigos de qualidade e pre\u00e7o altamente competitivos, garantindo presen\u00e7a destacada e duradoura das Ferramentas Profissionais Lotus nas casas especializadas.<\/span><\/p>\n<\/div>\n","protected":false},"excerpt":{"rendered":"<ul>\n<li><span style=\"color: #000000;\"><b>ABRA\u00c7ADEIRA DE A\u00c7O FLEX<\/b><\/span><\/li>\n<\/ul>\n<p>Abra\u00e7adeira fabricada em a\u00e7o carbono temperado e galvanizado, com largura da fita entre 8 e 12 mm, espessura de 0,7 mm, resist\u00eancia entre 2 e 3,5 Kg, trava de a\u00e7o, para prender mangueiras e tubos que n\u00e3o requerem elevada resist\u00eancia a press\u00e3o.<\/p>\n<p><strong>Tamanhos : 8-12 ; 12-20 ; 16-25 ; 18-32 ; 27-51.<\/strong><\/p>\n","protected":false},"featured_media":8733,"comment_status":"open","ping_status":"closed","template":"","meta":[],"product_cat":[188,198],"product_tag":[2050,3254,2543,2045],"_links":{"self":[{"href":"https:\/\/trenaferragens.com.br\/index.php?rest_route=\/wp\/v2\/product\/8732"}],"collection":[{"href":"https:\/\/trenaferragens.com.br\/index.php?rest_route=\/wp\/v2\/product"}],"about":[{"href":"https:\/\/trenaferragens.com.br\/index.php?rest_route=\/wp\/v2\/types\/product"}],"replies":[{"embeddable":true,"href":"https:\/\/trenaferragens.com.br\/index.php?rest_route=%2Fwp%2Fv2%2Fcomments&post=8732"}],"wp:featuredmedia":[{"embeddable":true,"href":"https:\/\/trenaferragens.com.br\/index.php?rest_route=\/wp\/v2\/media\/8733"}],"wp:attachment":[{"href":"https:\/\/trenaferragens.com.br\/index.php?rest_route=%2Fwp%2Fv2%2Fmedia&parent=8732"}],"wp:term":[{"taxonomy":"product_cat","embeddable":true,"href":"https:\/\/trenaferragens.com.br\/index.php?rest_route=%2Fwp%2Fv2%2Fproduct_cat&post=8732"},{"taxonomy":"product_tag","embeddable":true,"href":"https:\/\/trenaferragens.com.br\/index.php?rest_route=%2Fwp%2Fv2%2Fproduct_tag&post=8732"}],"curies":[{"name":"wp","href":"https:\/\/api.w.org\/{rel}","templated":true}]}}