{"id":8750,"date":"2022-01-19T15:22:00","date_gmt":"2022-01-19T15:22:00","guid":{"rendered":"https:\/\/trenaferragens.com.br\/?post_type=product&#038;p=8750"},"modified":"2022-01-19T15:22:02","modified_gmt":"2022-01-19T15:22:02","slug":"kit-para-banheiro-tivoli","status":"publish","type":"product","link":"https:\/\/trenaferragens.com.br\/?product=kit-para-banheiro-tivoli","title":{"rendered":"Kit para Banheiro Tivoli"},"content":{"rendered":"<h3><strong>HERC<\/strong><\/h3>\n<p align=\"justify\"><span style=\"font-family: Arial; font-size: medium;\">Essa hist\u00f3ria de pioneirismo e perseveran\u00e7a come\u00e7a com o sonho de quatro amigos em fabricar uma torneira de pl\u00e1stico. Era uma ideia vision\u00e1ria, in\u00e9dita no mundo, e o sonho come\u00e7ou a virar realidade em 12 de setembro de 1963, com a funda\u00e7\u00e3o da Ind\u00fastria de Pl\u00e1sticos HERC Ltda. De l\u00e1 para c\u00e1, muita coisa aconteceu. Al\u00e9m da torneira novos produtos foram desenvolvidos e, embora a HERC j\u00e1 possua mais de 50 anos, continua em sintonia com a sua \u00e9poca e, atenta ao mercado, pauta sua atua\u00e7\u00e3o pela inova\u00e7\u00e3o. Inova\u00e7\u00e3o que, aliada \u00e0 experi\u00eancia e \u00e0 credibilidade alcan\u00e7ada ao longo do tempo, faz a empresa ser l\u00edder e experimentar um crescimento constante.<\/span><\/p>\n<p align=\"justify\"><span style=\"font-family: Arial; font-size: medium;\">Com a vis\u00e3o e determina\u00e7\u00e3o de seus fundadores e posteriormente da segunda gera\u00e7\u00e3o \u00e0 frente da empresa, a HERC superou as dificuldades naturais inerentes ao lan\u00e7amento de um produto inovador, tornando-se uma empresa com tecnologia de ponta. Tudo isso sem deixar de lado a sua ess\u00eancia de valorizar os colaboradores. Esse \u00e9 o principal legado deixado pelos seus fundadores.<\/span><\/p>\n","protected":false},"excerpt":{"rendered":"<p>Kit de Acess\u00f3rios para Banheiro Tivoli<br \/>\nCORES: Branco\/CR e Preto\/CR<br \/>\n(5 pe\u00e7as \u2013 5041, 5042)<br \/>\n1 Cabideiro<br \/>\n1 Saboneteira<br \/>\n1 Toalheiro de Rosto<br \/>\n1 Papeleira<br \/>\n1 Toalheiro de Banho*<br \/>\n1 Kit de Fixa\u00e7\u00e3o (6 buchas e 6 parafusos)<br \/>\n*40 x 477 x 72 mm<\/p>\n","protected":false},"featured_media":8751,"comment_status":"open","ping_status":"closed","template":"","meta":[],"product_cat":[1023,1034,1026,1037],"product_tag":[3527,3438,2240,3456,3522],"_links":{"self":[{"href":"https:\/\/trenaferragens.com.br\/index.php?rest_route=\/wp\/v2\/product\/8750"}],"collection":[{"href":"https:\/\/trenaferragens.com.br\/index.php?rest_route=\/wp\/v2\/product"}],"about":[{"href":"https:\/\/trenaferragens.com.br\/index.php?rest_route=\/wp\/v2\/types\/product"}],"replies":[{"embeddable":true,"href":"https:\/\/trenaferragens.com.br\/index.php?rest_route=%2Fwp%2Fv2%2Fcomments&post=8750"}],"wp:featuredmedia":[{"embeddable":true,"href":"https:\/\/trenaferragens.com.br\/index.php?rest_route=\/wp\/v2\/media\/8751"}],"wp:attachment":[{"href":"https:\/\/trenaferragens.com.br\/index.php?rest_route=%2Fwp%2Fv2%2Fmedia&parent=8750"}],"wp:term":[{"taxonomy":"product_cat","embeddable":true,"href":"https:\/\/trenaferragens.com.br\/index.php?rest_route=%2Fwp%2Fv2%2Fproduct_cat&post=8750"},{"taxonomy":"product_tag","embeddable":true,"href":"https:\/\/trenaferragens.com.br\/index.php?rest_route=%2Fwp%2Fv2%2Fproduct_tag&post=8750"}],"curies":[{"name":"wp","href":"https:\/\/api.w.org\/{rel}","templated":true}]}}