{"id":8755,"date":"2022-01-19T17:15:13","date_gmt":"2022-01-19T17:15:13","guid":{"rendered":"https:\/\/trenaferragens.com.br\/?post_type=product&#038;p=8755"},"modified":"2023-12-09T05:42:51","modified_gmt":"2023-12-09T05:42:51","slug":"manta-fita-adesiva-aluminio-vedatudo","status":"publish","type":"product","link":"https:\/\/trenaferragens.com.br\/?product=manta-fita-adesiva-aluminio-vedatudo","title":{"rendered":"Manta Fita Adesiva Alum\u00ednio Vedatudo"},"content":{"rendered":"<h1><strong>Dryko<\/strong><\/h1>\n<p><span class=\"h4 bg-primary d-inline font-family-base\">Experiente, mas com dinamismo de uma empresa jovem, assim \u00e9 a DRYKO.<\/span><\/p>\n<div class=\"pt-4\">\n<p>Com novas instala\u00e7\u00f5es, mais moderna e atual, a DRYKO Impermeabilizantes ampliou sua capacidade de produ\u00e7\u00e3o e aprimorou seus processos de qualidade, o que possibilita oferecer ao mercado uma linha de produtos com excelente custo x benef\u00edcio.<\/p>\n<p>Em atividade desde 1999, a DRYKO Impermeabilizantes est\u00e1 presente em in\u00fameras obras de v\u00e1rios portes, atendendo de pequenas empresas \u00e0s grandes construtoras em todo o Brasil em virtude da flexibilidade, agilidade, capacidade de produ\u00e7\u00e3o e das s\u00f3lidas parcerias que vem consolidando ao longo de anos.<\/p>\n<p>Al\u00e9m de um acervo t\u00e9cnico especializado, toda a produ\u00e7\u00e3o da DRYKO Impermeabilizantes segue processos produtivos certificados pelos mais rigorosos \u00f3rg\u00e3os internacionais e nacionais, garantindo qualidade e excel\u00eancia do produto final.<\/p>\n<p>Os departamentos de log\u00edstica e distribui\u00e7\u00e3o diferenciados proporcionam a DRYKO Impermeabilizantes realizar as entregas com pontualidade.<\/p>\n<p>Com uma ampla vis\u00e3o de futuro a DRYKO Impermeabilizantes trabalha respeitando os meios sociais e ambientais, e sempre atenta a tudo o que h\u00e1 de novo no segmento. Esse foco no amanh\u00e3, associado \u00e0 sua proposta que \u00e9 alicer\u00e7ada na qualidade, agilidade, flexibilidade e atendimento especializado, faz da empresa uma das maiores ind\u00fastrias de impermeabilizantes do Brasil.<\/p>\n<\/div>\n","protected":false},"excerpt":{"rendered":"<p>Manta asf\u00e1ltica impermeabilizante feita \u00e0 base de asfaltos modificados com pol\u00edmeros elastom\u00e9ricos, armada com filme de polietileno de alta densidade, flex\u00edvel e resist\u00eancia \u00e0 tra\u00e7\u00e3o. Auto protegida com filme de alum\u00ednio em sua face exposta que caracteriza alta reflex\u00e3o dos raios UV.<\/p>\n<p><strong>Onde aplicar:\u00a0<\/strong><\/p>\n<ul>\n<li>Lajes de cobertura com at\u00e9 50 m\u00b2;<\/li>\n<li>Sheds e c\u00fapulas e ab\u00f3badas;<\/li>\n<li>Marquises e calhas;<\/li>\n<li>Telhas de fibrocimento e met\u00e1licas;<\/li>\n<li>Cozinhas industriais.<\/li>\n<\/ul>\n","protected":false},"featured_media":8756,"comment_status":"open","ping_status":"closed","template":"","meta":[],"product_cat":[166,1117],"product_tag":[3160,3529,2172,3530,2934],"_links":{"self":[{"href":"https:\/\/trenaferragens.com.br\/index.php?rest_route=\/wp\/v2\/product\/8755"}],"collection":[{"href":"https:\/\/trenaferragens.com.br\/index.php?rest_route=\/wp\/v2\/product"}],"about":[{"href":"https:\/\/trenaferragens.com.br\/index.php?rest_route=\/wp\/v2\/types\/product"}],"replies":[{"embeddable":true,"href":"https:\/\/trenaferragens.com.br\/index.php?rest_route=%2Fwp%2Fv2%2Fcomments&post=8755"}],"wp:featuredmedia":[{"embeddable":true,"href":"https:\/\/trenaferragens.com.br\/index.php?rest_route=\/wp\/v2\/media\/8756"}],"wp:attachment":[{"href":"https:\/\/trenaferragens.com.br\/index.php?rest_route=%2Fwp%2Fv2%2Fmedia&parent=8755"}],"wp:term":[{"taxonomy":"product_cat","embeddable":true,"href":"https:\/\/trenaferragens.com.br\/index.php?rest_route=%2Fwp%2Fv2%2Fproduct_cat&post=8755"},{"taxonomy":"product_tag","embeddable":true,"href":"https:\/\/trenaferragens.com.br\/index.php?rest_route=%2Fwp%2Fv2%2Fproduct_tag&post=8755"}],"curies":[{"name":"wp","href":"https:\/\/api.w.org\/{rel}","templated":true}]}}