{"id":8785,"date":"2022-02-22T17:33:18","date_gmt":"2022-02-22T17:33:18","guid":{"rendered":"https:\/\/trenaferragens.com.br\/?post_type=product&#038;p=8785"},"modified":"2023-12-09T05:43:17","modified_gmt":"2023-12-09T05:43:17","slug":"martelo-de-aco-polido","status":"publish","type":"product","link":"https:\/\/trenaferragens.com.br\/?product=martelo-de-aco-polido","title":{"rendered":"Martelo de A\u00e7o P\u00f3lido"},"content":{"rendered":"<h2><strong>MAX FERRAMENTAS<\/strong><\/h2>\n<h4>A FERRAMENTA CERTA. SEMPRE.<\/h4>\n<p>Fundada em 1987, a Max Ferramentas \u00e9 reconhecida na Am\u00e9rica Latina pela qualidade de seus produtos, respeito aos seus clientes e parceria positiva com distribuidores e atacadistas.<\/p>\n<p>Atuando nos segmentos da constru\u00e7\u00e3o civil, jardinagem e agricultura, sendo respons\u00e1vel pela fabrica\u00e7\u00e3o de todos os produtos comercializados, a Max possui o desejo de cada vez mais estar presente no dia a dia das pessoas, facilitando o seu trabalho.<\/p>\n","protected":false},"excerpt":{"rendered":"<p>Martelo de A\u00e7o Polido<\/p>\n<p>Dispon\u00edvel nas op\u00e7\u00f5es:<\/p>\n<ul>\n<li>23mm<\/li>\n<li>25mm<\/li>\n<li>27mm<\/li>\n<li>29mm<\/li>\n<\/ul>\n","protected":false},"featured_media":8790,"comment_status":"open","ping_status":"closed","template":"","meta":[],"product_cat":[281,1095],"product_tag":[2543,3342,3534,3344,3533],"_links":{"self":[{"href":"https:\/\/trenaferragens.com.br\/index.php?rest_route=\/wp\/v2\/product\/8785"}],"collection":[{"href":"https:\/\/trenaferragens.com.br\/index.php?rest_route=\/wp\/v2\/product"}],"about":[{"href":"https:\/\/trenaferragens.com.br\/index.php?rest_route=\/wp\/v2\/types\/product"}],"replies":[{"embeddable":true,"href":"https:\/\/trenaferragens.com.br\/index.php?rest_route=%2Fwp%2Fv2%2Fcomments&post=8785"}],"wp:featuredmedia":[{"embeddable":true,"href":"https:\/\/trenaferragens.com.br\/index.php?rest_route=\/wp\/v2\/media\/8790"}],"wp:attachment":[{"href":"https:\/\/trenaferragens.com.br\/index.php?rest_route=%2Fwp%2Fv2%2Fmedia&parent=8785"}],"wp:term":[{"taxonomy":"product_cat","embeddable":true,"href":"https:\/\/trenaferragens.com.br\/index.php?rest_route=%2Fwp%2Fv2%2Fproduct_cat&post=8785"},{"taxonomy":"product_tag","embeddable":true,"href":"https:\/\/trenaferragens.com.br\/index.php?rest_route=%2Fwp%2Fv2%2Fproduct_tag&post=8785"}],"curies":[{"name":"wp","href":"https:\/\/api.w.org\/{rel}","templated":true}]}}