{"id":9068,"date":"2023-03-17T18:06:59","date_gmt":"2023-03-17T18:06:59","guid":{"rendered":"https:\/\/trenaferragens.com.br\/?post_type=product&#038;p=9068"},"modified":"2024-07-17T09:07:31","modified_gmt":"2024-07-17T09:07:31","slug":"algicida-de-choque-1-litro-hth","status":"publish","type":"product","link":"https:\/\/trenaferragens.com.br\/?product=algicida-de-choque-1-litro-hth","title":{"rendered":"Algicida de Choque 1 Litro &#8211; HTH"},"content":{"rendered":"<h2>\u00a0Algicida de Choque 1 Litro &#8211; HTH<\/h2>\n<p><strong>ATUA\u00c7\u00c3O:<\/strong><br \/>\nO\u00a0<strong>hth\u00ae Solu\u00e7\u00e3o \u00c1gua Verde &#8211; Algicida Choque<\/strong>\u00a0um produto concentrado que elimina as algas de piscinas\u200b infestadas.\u200b F\u00f3rmula livre de cobre, n\u00e3o deixa manchas esverdeadas no cabelo\u200b e no revestimento.\u200b<\/p>\n<p><strong>Dispon\u00edvel nas embalagens de 1litro, 5 litros e refil 900ml<br \/>\nVALIDADE:<\/strong><br \/>\n24 meses<\/p>\n","protected":false},"excerpt":{"rendered":"<p class=\"instructions-title\"><b>INSTRU\u00c7\u00d5ES DE USO:<\/b><\/p>\n<p>&nbsp;<\/p>\n<p><strong>1.\u00a0<\/strong>Antes de aplicar o<strong>\u00a0hth\u00ae Solu\u00e7\u00e3o \u00c1gua Verde &#8211; Algicida Choque<\/strong>, \u00a0certifique-se que os par\u00e2metros da \u00e1gua j\u00e1 foram avaliados com a\u00a0<strong>hth\u00ae Fita Teste<\/strong>\u00a0e ajustados;<\/p>\n<p><strong>2.<\/strong>\u00a0Escove as paredes e o fundo da piscina para desincrustar algas dif\u00edceis;<\/p>\n<p><strong>3.\u00a0<\/strong>Ligue a recircula\u00e7\u00e3o e em seguida espalhe na piscina 7 ml do\u00a0<strong>hth\u00ae Solu\u00e7\u00e3o \u00c1gua Verde &#8211; Algicida Choque<\/strong>\u00a0por 1.000 litros(1m\u00b3) de \u00e1gua. Recircule por 6 horas, e depois deixe em repouso por 8 a 12 horas;<\/p>\n<p><strong>4.\u00a0<\/strong>Aspire o fundo da piscina com a drenagem. Em seguida complete o n\u00edvel da \u00e1gua;<\/p>\n<p><strong>5.\u00a0<\/strong>Com a filtra\u00e7\u00e3o ligada, aplique o cloro hth\u00ae da sua escolha \u2013 \u00a0<strong>hth\u00ae\u00a0Cloro Concentrado Tradicional,\u00a0hth\u00ae\u00a0Cloro Aditivado Mineral Brilliance&#x2122;;<\/strong><\/p>\n<p><strong>6.\u00a0<\/strong>Libere a piscina somente ap\u00f3s a aspira\u00e7\u00e3o e ajuste de par\u00e2metros.<\/p>\n<p>Produto indicado para piscinas de fibra, vinil e azulejo.<\/p>\n<p>&nbsp;<\/p>\n","protected":false},"featured_media":9069,"comment_status":"open","ping_status":"closed","template":"","meta":[],"product_cat":[1042,1047,1148,1062],"product_tag":[3608,3606,3609,3490,3605,3607],"_links":{"self":[{"href":"https:\/\/trenaferragens.com.br\/index.php?rest_route=\/wp\/v2\/product\/9068"}],"collection":[{"href":"https:\/\/trenaferragens.com.br\/index.php?rest_route=\/wp\/v2\/product"}],"about":[{"href":"https:\/\/trenaferragens.com.br\/index.php?rest_route=\/wp\/v2\/types\/product"}],"replies":[{"embeddable":true,"href":"https:\/\/trenaferragens.com.br\/index.php?rest_route=%2Fwp%2Fv2%2Fcomments&post=9068"}],"wp:featuredmedia":[{"embeddable":true,"href":"https:\/\/trenaferragens.com.br\/index.php?rest_route=\/wp\/v2\/media\/9069"}],"wp:attachment":[{"href":"https:\/\/trenaferragens.com.br\/index.php?rest_route=%2Fwp%2Fv2%2Fmedia&parent=9068"}],"wp:term":[{"taxonomy":"product_cat","embeddable":true,"href":"https:\/\/trenaferragens.com.br\/index.php?rest_route=%2Fwp%2Fv2%2Fproduct_cat&post=9068"},{"taxonomy":"product_tag","embeddable":true,"href":"https:\/\/trenaferragens.com.br\/index.php?rest_route=%2Fwp%2Fv2%2Fproduct_tag&post=9068"}],"curies":[{"name":"wp","href":"https:\/\/api.w.org\/{rel}","templated":true}]}}