{"id":9071,"date":"2023-03-17T20:40:43","date_gmt":"2023-03-17T20:40:43","guid":{"rendered":"https:\/\/trenaferragens.com.br\/?post_type=product&#038;p=9071"},"modified":"2024-07-17T09:07:49","modified_gmt":"2024-07-17T09:07:49","slug":"algicida-de-manutencao-1-litro-hth","status":"publish","type":"product","link":"https:\/\/trenaferragens.com.br\/?product=algicida-de-manutencao-1-litro-hth","title":{"rendered":"Algicida de Manuten\u00e7\u00e3o 1 Litro HTH"},"content":{"rendered":"<h2>Algicida de Manuten\u00e7\u00e3o 1 Litro HTH<\/h2>\n<p><strong>ATUA\u00c7\u00c3O:<\/strong><br \/>\nO\u00a0<strong>hth\u00ae\u00a0Previne \u00c1gua Verde<\/strong>\u00a0Protege a piscina\u00a0prevenindo o surgimento de algas. Sua formula avan\u00e7ada \u00e9 livre de cobre, evita manchas na piscina e cabelos esverdeados.<br \/>\nAgora voc\u00ea tamb\u00e9m encontra o\u00a0<strong>hth\u00ae Previne \u00c1gua Verde<\/strong>\u00a0na vers\u00e3o refil com a mesma qualidade dos produtos hth\u00ae , mas em um formato mais sustent\u00e1vel que contribui para redu\u00e7\u00e3o de res\u00edduos na natureza.<\/p>\n<p><strong>Dispon\u00edvel nas embalagens de 1 e 5 litros, Refil 900ml<br \/>\nVALIDADE:\u00a0<\/strong>24 meses<\/p>\n","protected":false},"excerpt":{"rendered":"<p class=\"instructions-title\"><b>INSTRU\u00c7\u00d5ES DE USO:<\/b><\/p>\n<p class=\"instructions-title\">\n<p><strong>1.<\/strong>\u00a0Antes de aplicar o\u00a0<strong>hth\u00ae\u00a0Previne \u00c1gua Verde<\/strong>, certifique-se que os par\u00e2metros da \u00e1gua j\u00e1 foram avaliados com a\u00a0<strong>hth\u00ae\u00a0Fita Teste<\/strong>\u00a0e ajustados conforme recomenda\u00e7\u00e3o: alcalinidade total entre 80 e 120 ppm e o pH entre 7,0 e 7,4.<\/p>\n<p><strong>2.<\/strong>\u00a0Ap\u00f3s 10 minutos da aplica\u00e7\u00e3o do cloro, aplique o\u00a0<strong>hth\u00ae\u00a0Previne \u00c1gua Verde<\/strong>. Com a filtra\u00e7\u00e3o ligada, dose 5 ml por 1.000 litros de \u00e1gua diretamente na piscina. Fa\u00e7a isso uma vez por semana.<\/p>\n<p><strong>3.<\/strong>\u00a0A piscina pode ser utilizada 1 hora ap\u00f3s a adi\u00e7\u00e3o de produto. Libere a piscina para uso somente ap\u00f3s a aspira\u00e7\u00e3o e ajustes de par\u00e2metros. Este produto pode ser aplicado em conjunto com outros produtos. Produto indicado para piscinas de fibra, vinil e azulejo.<\/p>\n","protected":false},"featured_media":9072,"comment_status":"open","ping_status":"closed","template":"","meta":[],"product_cat":[1042,1047,1148,1062],"product_tag":[3608,3606,3609,3490,3605,3607],"_links":{"self":[{"href":"https:\/\/trenaferragens.com.br\/index.php?rest_route=\/wp\/v2\/product\/9071"}],"collection":[{"href":"https:\/\/trenaferragens.com.br\/index.php?rest_route=\/wp\/v2\/product"}],"about":[{"href":"https:\/\/trenaferragens.com.br\/index.php?rest_route=\/wp\/v2\/types\/product"}],"replies":[{"embeddable":true,"href":"https:\/\/trenaferragens.com.br\/index.php?rest_route=%2Fwp%2Fv2%2Fcomments&post=9071"}],"wp:featuredmedia":[{"embeddable":true,"href":"https:\/\/trenaferragens.com.br\/index.php?rest_route=\/wp\/v2\/media\/9072"}],"wp:attachment":[{"href":"https:\/\/trenaferragens.com.br\/index.php?rest_route=%2Fwp%2Fv2%2Fmedia&parent=9071"}],"wp:term":[{"taxonomy":"product_cat","embeddable":true,"href":"https:\/\/trenaferragens.com.br\/index.php?rest_route=%2Fwp%2Fv2%2Fproduct_cat&post=9071"},{"taxonomy":"product_tag","embeddable":true,"href":"https:\/\/trenaferragens.com.br\/index.php?rest_route=%2Fwp%2Fv2%2Fproduct_tag&post=9071"}],"curies":[{"name":"wp","href":"https:\/\/api.w.org\/{rel}","templated":true}]}}