{"id":9116,"date":"2024-03-25T18:47:10","date_gmt":"2024-03-25T18:47:10","guid":{"rendered":"https:\/\/trenaferragens.com.br\/?post_type=product&#038;p=9116"},"modified":"2024-07-17T09:06:58","modified_gmt":"2024-07-17T09:06:58","slug":"adesivo-epoxi-tixitropico-alto-desempenho-1kg-d-31-doctor-bond","status":"publish","type":"product","link":"https:\/\/trenaferragens.com.br\/?product=adesivo-epoxi-tixitropico-alto-desempenho-1kg-d-31-doctor-bond","title":{"rendered":"Adesivo Ep\u00f3xi Tixitr\u00f3pico Alto Desempenho 1KG D-31 DOCTOR BOND"},"content":{"rendered":"<h2>Adesivo Ep\u00f3xi Tixitr\u00f3pico Alto Desempenho 1KG D-31 DOCTOR BOND<\/h2>\n<p>ADESIVO ESTRUTURAL \u00c0 BASE DE RESINA EP\u00d3XI, COM ALTA VISCOSIDADE, TIXOTR\u00d3PICO ( N\u00c3O ESCORRE ), BICOMPONENTE, DE PEGA NORMAL E COM ALTO DESEMPENHO<\/p>\n<p><strong>CARACTER\u00cdSTICAS:<\/strong><br \/>\nF\u00e1cil aplica\u00e7\u00e3o &gt;&gt; Tixotr\u00f3pico, o que permite a aplica\u00e7\u00e3o em superf\u00edcies horizontais e verticais &gt;&gt; \u00d3tima ader\u00eancia \u00e0 superf\u00edcies de concreto, argamassa, madeira, fibrocimento, pedras, cer\u00e2micas, a\u00e7o, ferro, alum\u00ednio, vidro, granito, m\u00e1rmore e outros materiais de constru\u00e7\u00e3o &gt;&gt; Imperme\u00e1vel &gt;&gt; Elevada resist\u00eancia qu\u00edmica &gt;&gt; Excelente resist\u00eancia mec\u00e2nica \u00e0 tra\u00e7\u00e3o e compress\u00e3o.<\/p>\n","protected":false},"excerpt":{"rendered":"<p>APLICA\u00c7\u00d5ES:<\/p>\n<ul>\n<li>Fixa\u00e7\u00e3o de chumbadores, calhas, guias na horizontal e em fundos de vigas e lajes.<\/li>\n<li>Reparos em arestas de concreto aparente, trincas e defeitos superficiais.<\/li>\n<li>Fixa\u00e7\u00e3o de apoios estruturais, ancoragem e cabos.<\/li>\n<li>Colagem entre concreto velho e concreto novo.<\/li>\n<li>Juntas de concretagem ( juntas frias ).<\/li>\n<li>Colagem de vidro, granito e m\u00e1rmore.<\/li>\n<li>Colagem de pe\u00e7as soltas, azulejos em piscinas.<\/li>\n<li>Ancoragem de a\u00e7o em concreto.<\/li>\n<\/ul>\n<p>&nbsp;<\/p>\n<p>CARACTER\u00cdSTICAS:<\/p>\n<p>F\u00e1cil aplica\u00e7\u00e3o, imperme\u00e1vel, tixotr\u00f3pico ( n\u00e3o escorre ), o que permite a aplica\u00e7\u00e3o em superf\u00edcies horizontais e verticais.<\/p>\n<p>\u00d3tima ader\u00eancia \u00e0 superf\u00edcies de concreto, argamassa, madeira, fibrocimento, pedras, cer\u00e2micas, a\u00e7o, ferro, alum\u00ednio, vidro, granito, m\u00e1rmore e outros materiais de constru\u00e7\u00e3o.<\/p>\n<p>Elevada resist\u00eancia qu\u00edmica.<\/p>\n<p>Excelente resist\u00eancia mec\u00e2nica \u00e0 tra\u00e7\u00e3o e compress\u00e3o.<\/p>\n<p>&nbsp;<\/p>\n<p>PREPARO DA SUPERF\u00cdCIE:<\/p>\n<p>As superf\u00edcies dever\u00e3o estar limpas, livres de impurezas, isentas de p\u00f3, graxa, nata de cimento, ferrugem, \u00a0\u00f3leo, part\u00edculas soltas, pinturas, etc.<\/p>\n<p>&nbsp;<\/p>\n<p>PREPARO DO PRODUTO:<\/p>\n<p>Inicialmente homogeneizar os componentes A e B separados e em seguida adicionar todo o componente B na embalagem do componente A e fazer nova homogeneiza\u00e7\u00e3o. A mistura poder\u00e1 ser feita com agitador mec\u00e2nico de baixa rota\u00e7\u00e3o por cerca de 3 minutos ou manualmente com aux\u00edlio de uma esp\u00e1tula, por 5 minutos at\u00e9 perfeita homogeneiza\u00e7\u00e3o dos componentes.<\/p>\n<p>&nbsp;<\/p>\n<p>APLICA\u00c7\u00c3O DO PRODUTO:<\/p>\n<p>Deve ser realizada utilizando uma esp\u00e1tula ou outros meios similares, tendo cuidado para preencher todas as cavidades, uma camada com espessura de 1 a 2 mm \u00e9 o suficiente para ader\u00eancia do produto.<\/p>\n<p>&nbsp;<\/p>\n<p>CONSUMO:<\/p>\n<p>1,7 kg \/ m\u00b2 por mm de espessura.<\/p>\n<p>&nbsp;<\/p>\n<p>COMPOSI\u00c7\u00c3O:<\/p>\n<p>RESINA EP\u00d3XI E CARGAS MINERAIS.<\/p>\n<p>&nbsp;<\/p>\n<p>DADOS T\u00c9CNICOS:<\/p>\n<p>Pot-life: 35 min a 23 \u00b0C.<\/p>\n<p>Cura: Inicial \u2013 24 horas \/ final \u2013 7 dias.<\/p>\n<p>Resist\u00eancia a compress\u00e3o ( ASTM D-695 ) 55 MPa em 24 horas e 70 MPa em 7 dias.<\/p>\n<p>Propor\u00e7\u00e3o da mistura: 2 partes do componente A para 1 parte do componente B, ( 2:1 ) em peso.<\/p>\n<p>&nbsp;<\/p>\n<p>ATEN\u00c7\u00c3O:<\/p>\n<p>Aten\u00e7\u00e3o ONU N\u00ba 3077.<\/p>\n<p>Causa irrita\u00e7\u00e3o e pode provocar rea\u00e7\u00f5es al\u00e9rgicas na pele.<\/p>\n<p>Provoca irrita\u00e7\u00e3o ocular grave.<\/p>\n<p>T\u00f3xico para os organismos aqu\u00e1ticos, com efeitos prolongados.<\/p>\n<p>&nbsp;<\/p>\n<p>ARMAZENAMENTO E VALIDADE:<\/p>\n<p>Estocar em \u00e1reas secas a sombra e em temperaturas amenas. Conservar o produto bem fechado e na sua embalagem original.<\/p>\n<p>Prazo de validade: 24 meses a partir da data de fabrica\u00e7\u00e3o, se estocados em temperaturas entre 5 \u00b0C e 25 \u00b0C.<\/p>\n<p>&nbsp;<\/p>\n<p>COMPOSI\u00c7\u00c3O QU\u00cdMICA:<\/p>\n<p>Bisfenol A ( epicloridrina ), resina ep\u00f3xi e cargas minerais.<\/p>\n<p>&nbsp;<\/p>\n<p>PRIMEIROS SOCORROS:<\/p>\n<p>Em caso de contato com os olhos: Lavar bem com \u00e1gua corrente por pelo menos 15 minutos, se a irrita\u00e7\u00e3o persistir procurar aux\u00edlio m\u00e9dico imediato.<\/p>\n<p>Em caso de contato com a pele: Lavar com \u00e1gua corrente e sab\u00e3o neutro por pelo menos 15 minutos, em caso de irrita\u00e7\u00e3o ou erup\u00e7\u00e3o cut\u00e2nea, procurar aux\u00edlio m\u00e9dico.<\/p>\n<p>Em caso de inala\u00e7\u00e3o: Ir para ambientes frescos e ventilados, se necess\u00e1rio procurar aux\u00edlio m\u00e9dico.<\/p>\n<p>Em caso de ingest\u00e3o: N\u00e3o provocar v\u00f4mito, se sintomas gastrointestinais aparecerem, procurar aux\u00edlio m\u00e9dico.<\/p>\n<p>&nbsp;<\/p>\n<p>DESCARTE:<\/p>\n<p>Descarte o conte\u00fado\/recipiente em uma esta\u00e7\u00e3o apropriada de tratamento de res\u00edduos.<\/p>\n<p>&nbsp;<\/p>\n<p>SEGURAN\u00c7A:<\/p>\n<p>A FISPQ do produto pode ser encontrada no nosso site.<\/p>\n<p>CUIDADO:<\/p>\n<p>Mantenha o produto fora do alcance de crian\u00e7as e animais dom\u00e9sticos.<\/p>\n","protected":false},"featured_media":9117,"comment_status":"open","ping_status":"closed","template":"","meta":[],"product_cat":[1049,166,1843,1117],"product_tag":[3623,3621,3619,3622],"_links":{"self":[{"href":"https:\/\/trenaferragens.com.br\/index.php?rest_route=\/wp\/v2\/product\/9116"}],"collection":[{"href":"https:\/\/trenaferragens.com.br\/index.php?rest_route=\/wp\/v2\/product"}],"about":[{"href":"https:\/\/trenaferragens.com.br\/index.php?rest_route=\/wp\/v2\/types\/product"}],"replies":[{"embeddable":true,"href":"https:\/\/trenaferragens.com.br\/index.php?rest_route=%2Fwp%2Fv2%2Fcomments&post=9116"}],"wp:featuredmedia":[{"embeddable":true,"href":"https:\/\/trenaferragens.com.br\/index.php?rest_route=\/wp\/v2\/media\/9117"}],"wp:attachment":[{"href":"https:\/\/trenaferragens.com.br\/index.php?rest_route=%2Fwp%2Fv2%2Fmedia&parent=9116"}],"wp:term":[{"taxonomy":"product_cat","embeddable":true,"href":"https:\/\/trenaferragens.com.br\/index.php?rest_route=%2Fwp%2Fv2%2Fproduct_cat&post=9116"},{"taxonomy":"product_tag","embeddable":true,"href":"https:\/\/trenaferragens.com.br\/index.php?rest_route=%2Fwp%2Fv2%2Fproduct_tag&post=9116"}],"curies":[{"name":"wp","href":"https:\/\/api.w.org\/{rel}","templated":true}]}}