{"id":9147,"date":"2024-05-08T13:57:57","date_gmt":"2024-05-08T13:57:57","guid":{"rendered":"https:\/\/trenaferragens.com.br\/?post_type=product&#038;p=9147"},"modified":"2025-12-22T19:30:09","modified_gmt":"2025-12-22T19:30:09","slug":"conjunto-mop-limpeza-geral-plus-mop7671-flash-limp","status":"publish","type":"product","link":"https:\/\/trenaferragens.com.br\/?product=conjunto-mop-limpeza-geral-plus-mop7671-flash-limp","title":{"rendered":"Conjunto Mop Limpeza Geral Plus (MOP7671) &#8211; Flash Limp"},"content":{"rendered":"<h3><strong>Flashlimp<\/strong><\/h3>\n<p>Nascemos em 2010 com apenas uma linha de esponja. Desde ent\u00e3o n\u00e3o paramos de crescer. Com lan\u00e7amentos trimestrais, nossa linha de produtos est\u00e1 cada vez mais robusta e \u00e9 dividida em 4 categorias: mops, panos, esponjas e lavanderia. Temos orgulho de nossas conquistas e de todos que fazem parte desse cont\u00ednuo crescimento.<\/p>\n","protected":false},"excerpt":{"rendered":"<p>Conjunto Mop Limpeza Geral Plus (MOP7671) &#8211; Flash Limp<\/p>\n<p>O Mop Limpeza Geral da Flash Limp tem grande poder de absor\u00e7\u00e3o. Pode ser utilizado para lavar e secar janelas e pisos. Ele substitui o rodo, a vassoura e o pano de ch\u00e3o. O melhor de tudo \u00e9 que voc\u00ea n\u00e3o precisa torcer \u00e0 m\u00e3o. O aparelho possui um mecanismo que faz isso por voc\u00ea. Seu dia a dia ficar\u00e1 muito mais simples e a sua casa muito mais limpa, com o Mop Limpeza Geral da Flash Limp.<\/p>\n","protected":false},"featured_media":9148,"comment_status":"open","ping_status":"closed","template":"","meta":[],"product_cat":[1034,217,178],"product_tag":[3635,3632,3626,3634,3630,3631],"_links":{"self":[{"href":"https:\/\/trenaferragens.com.br\/index.php?rest_route=\/wp\/v2\/product\/9147"}],"collection":[{"href":"https:\/\/trenaferragens.com.br\/index.php?rest_route=\/wp\/v2\/product"}],"about":[{"href":"https:\/\/trenaferragens.com.br\/index.php?rest_route=\/wp\/v2\/types\/product"}],"replies":[{"embeddable":true,"href":"https:\/\/trenaferragens.com.br\/index.php?rest_route=%2Fwp%2Fv2%2Fcomments&post=9147"}],"wp:featuredmedia":[{"embeddable":true,"href":"https:\/\/trenaferragens.com.br\/index.php?rest_route=\/wp\/v2\/media\/9148"}],"wp:attachment":[{"href":"https:\/\/trenaferragens.com.br\/index.php?rest_route=%2Fwp%2Fv2%2Fmedia&parent=9147"}],"wp:term":[{"taxonomy":"product_cat","embeddable":true,"href":"https:\/\/trenaferragens.com.br\/index.php?rest_route=%2Fwp%2Fv2%2Fproduct_cat&post=9147"},{"taxonomy":"product_tag","embeddable":true,"href":"https:\/\/trenaferragens.com.br\/index.php?rest_route=%2Fwp%2Fv2%2Fproduct_tag&post=9147"}],"curies":[{"name":"wp","href":"https:\/\/api.w.org\/{rel}","templated":true}]}}