{"id":9169,"date":"2024-08-08T20:08:54","date_gmt":"2024-08-08T20:08:54","guid":{"rendered":"https:\/\/trenaferragens.com.br\/?post_type=product&#038;p=9169"},"modified":"2024-08-08T20:16:27","modified_gmt":"2024-08-08T20:16:27","slug":"alicate-bomba-dagua-sata","status":"publish","type":"product","link":"https:\/\/trenaferragens.com.br\/?product=alicate-bomba-dagua-sata","title":{"rendered":"Alicate Bomba D&#8217;\u00e1gua &#8211; SATA"},"content":{"rendered":"<h3><strong>SATA\/BELZER<\/strong><\/h3>\n<p>A Sata, que \u00e9 a marca de ferramentas manuais profissionais e equipamentos automotivos com qualidade premium que mais cresceu no mundo nos \u00faltimos 20 anos, est\u00e1 sempre buscando inova\u00e7\u00e3o em seus lan\u00e7amentos e com isso, divulga novas fam\u00edlias e complemento de linhas, com o intuito de manter seu compromisso de melhoria cont\u00ednua, desafiando o comum e oferecendo qualidade de classe mundial e lideran\u00e7a no setor.<\/p>\n<p>A SATA \u00e9 uma marca pertencente ao grupo Apex Tool Group, com opera\u00e7\u00f5es em mais de 30 pa\u00edses, nasceu como uma joint venture entre a Danaher Corporation e a Cooper Industries, fabricantes globais de ferramentas manuais e eletropneum\u00e1ticas, e desde 2012 opera de forma independente.<\/p>\n<p>Perfeita para o setor industrial e automotivo, a SATA\u00ae oferece inova\u00e7\u00f5es e solu\u00e7\u00f5es para os mais exigentes profissionais estarem sempre um passo \u00e0 frente com ferramentas de qualidade premium, alta durabilidade e performance, com isso, a marca est\u00e1 constantemente entendendo a necessidade do mercado e procurando ouvir o profissional para entregar as melhores solu\u00e7\u00f5es.<\/p>\n","protected":false},"excerpt":{"rendered":"<p>Alicate Bomba D&#8217;\u00e1gua &#8211; SATA<\/p>\n<div class=\"product-body\">\n<div class=\"clearfix text-formatted field field--name-body field--type-text-with-summary field--label-hidden field__item\">\n<div class=\"product-body\">\n<div class=\"clearfix text-formatted field field--name-body field--type-text-with-summary field--label-hidden field__item\">Conta com mecanismo de travamento que n\u00e3o permite deslizamentos deixa a ferramenta mais segura.Seu Mordente Reto Fabricado em A\u00e7o Cromo-Van\u00e1dio (Cr-V) para mais resist\u00eancia e durabilidade.<\/div>\n<\/div>\n<h3>Detalhes<\/h3>\n<ul class=\"field field--name-field-product-features field--type-string field--label-hidden field__items\">\n<li class=\"field__item\">Mecanismo de travamento n\u00e3o permite deslizamentos<\/li>\n<li class=\"field__item\">Mordente Reto<\/li>\n<li class=\"field__item\">Fabricado em a\u00e7o cromo-van\u00e1dio para resist\u00eancia e durabilidade<\/li>\n<\/ul>\n<p>Op\u00e7\u00f5es: Alicate Bomba D&#8217;\u00c1gua de 10&#8243; e Alicate Bomba D&#8217;\u00c1gua de 12&#8243;<\/p>\n<\/div>\n<\/div>\n","protected":false},"featured_media":9170,"comment_status":"open","ping_status":"closed","template":"","meta":[],"product_cat":[1034,217,178],"product_tag":[3640,2063,3639,3638],"_links":{"self":[{"href":"https:\/\/trenaferragens.com.br\/index.php?rest_route=\/wp\/v2\/product\/9169"}],"collection":[{"href":"https:\/\/trenaferragens.com.br\/index.php?rest_route=\/wp\/v2\/product"}],"about":[{"href":"https:\/\/trenaferragens.com.br\/index.php?rest_route=\/wp\/v2\/types\/product"}],"replies":[{"embeddable":true,"href":"https:\/\/trenaferragens.com.br\/index.php?rest_route=%2Fwp%2Fv2%2Fcomments&post=9169"}],"wp:featuredmedia":[{"embeddable":true,"href":"https:\/\/trenaferragens.com.br\/index.php?rest_route=\/wp\/v2\/media\/9170"}],"wp:attachment":[{"href":"https:\/\/trenaferragens.com.br\/index.php?rest_route=%2Fwp%2Fv2%2Fmedia&parent=9169"}],"wp:term":[{"taxonomy":"product_cat","embeddable":true,"href":"https:\/\/trenaferragens.com.br\/index.php?rest_route=%2Fwp%2Fv2%2Fproduct_cat&post=9169"},{"taxonomy":"product_tag","embeddable":true,"href":"https:\/\/trenaferragens.com.br\/index.php?rest_route=%2Fwp%2Fv2%2Fproduct_tag&post=9169"}],"curies":[{"name":"wp","href":"https:\/\/api.w.org\/{rel}","templated":true}]}}