{"id":9176,"date":"2024-08-08T21:03:47","date_gmt":"2024-08-08T21:03:47","guid":{"rendered":"https:\/\/trenaferragens.com.br\/?post_type=product&#038;p=9176"},"modified":"2025-12-22T19:28:31","modified_gmt":"2025-12-22T19:28:31","slug":"serrote-bi-material-irwin","status":"publish","type":"product","link":"https:\/\/trenaferragens.com.br\/?product=serrote-bi-material-irwin","title":{"rendered":"Serrote Bi-Material &#8211; IRWIN"},"content":{"rendered":"<h3><strong>IRWIN<\/strong><\/h3>\n<div class=\"coh-container ssa-component coh-component ssa-component-instance-e47f4f6c-863a-4483-9dd7-6dcb0f89fe1c coh-component-instance-e47f4f6c-863a-4483-9dd7-6dcb0f89fe1c page-header-component bg-container coh-style-margin-bottom-none coh-style-page-header ssa-instance-bab6d449-f7dd-4202-8b7f-bd847e96a28ae47f4f6c-863a-4483-9dd7-6dcb0f89fe1c coh-ce-cpt_page_header-1c6b715c\" data-bg-align=\"\" data-select-theme=\"light\" data-force-uppercase=\"1\">\n<div class=\"coh-container ssa-component coh-component ssa-component-instance-21a722a9-a1c3-478b-9588-a0d84eb43756 coh-component-instance-21a722a9-a1c3-478b-9588-a0d84eb43756 section-container-wrapper coh-ce-cpt_section-a177ea9c\">\n<section class=\"coh-container section section-container-component coh-style-section\" data-gs-background-color=\"default\" data-gs-spacing=\"none\" data-gs-min-height=\"\" data-gs-overlay=\"\" data-gs-foreground-color=\"dark\" data-gs-remove-spacing=\"\">\n<div class=\"coh-container section-inner\">\n<div class=\"coh-container coh-container-boxed\">\n<div class=\"coh-container ssa-component coh-component ssa-component-instance-8b36c8f9-19a3-45d3-8c62-989efa73f2be coh-component-instance-8b36c8f9-19a3-45d3-8c62-989efa73f2be coh-style-columns\">\n<div class=\"coh-row coh-row-xl coh-row-visible-xl\" data-coh-row-match-heights=\"{&quot;xl&quot;:{&quot;target&quot;:&quot;none&quot;}}\">\n<div class=\"coh-row-inner ssa-instance-e47f4f6c-863a-4483-9dd7-6dcb0f89fe1c8b36c8f9-19a3-45d3-8c62-989efa73f2be coh-ce-cpt_columns-c79f689d\">\n<div class=\"coh-column ssa-component coh-component ssa-component-instance-41e7c3a7-1b90-4e79-98af-1a8bd182909f coh-component-instance-41e7c3a7-1b90-4e79-98af-1a8bd182909f coh-visible-ps coh-col-ps-12 coh-visible-sm coh-col-sm-10 coh-visible-md coh-col-md-8 coh-visible-xl coh-col-xl-8\">\n<div class=\"coh-container text-main-container\" data-text-align=\"center\" data-select-content-theme=\"\">\n<div class=\"coh-container ssa-component coh-component ssa-component-instance-14a88b82-7b38-4520-a71a-df45d0f0acce coh-component-instance-14a88b82-7b38-4520-a71a-df45d0f0acce text-container coh-style-text\">\n<div class=\"coh-container typography-container coh-style-container-layout\" data-gs-text-align=\"left\" data-gs-width=\"\" data-gs-pos=\"left\">\n<div class=\"coh-container\">\n<div class=\"coh-wysiwyg\">\n<p>A IRWIN<sup>\u00ae<\/sup>\u00a0fabrica e distribui ferramentas manuais e acess\u00f3rios para os profissionais de todo o mundo que procuram por durabilidade e desempenho superior.<\/p>\n<\/div>\n<\/div>\n<\/div>\n<\/div>\n<div class=\"coh-container ssa-component coh-component ssa-component-instance-670c6324-874f-4823-8fd2-c9aa9388ea3a coh-component-instance-670c6324-874f-4823-8fd2-c9aa9388ea3a reusable-button-set btn-container\"><\/div>\n<\/div>\n<\/div>\n<\/div>\n<\/div>\n<\/div>\n<\/div>\n<\/div>\n<\/section>\n<\/div>\n<\/div>\n<div class=\"coh-container ssa-component coh-component ssa-component-instance-5dc68bd0-62a2-483b-9f82-4def34f4d421 coh-component-instance-5dc68bd0-62a2-483b-9f82-4def34f4d421 rich-text-editor split-background coh-style-rich-text-editor ssa-instance-5dc68bd0-62a2-483b-9f82-4def34f4d421 coh-ce-cpt_rich_text_editor-f4e8cdff\" data-theme=\"light\">\n<div class=\"coh-container ssa-component coh-component ssa-component-instance-036231f0-1d46-4c53-b8d0-7c57488d86e4 coh-component-instance-036231f0-1d46-4c53-b8d0-7c57488d86e4 section-container-wrapper coh-style-margin-bottom-small coh-ce-cpt_section-a177ea9c\">\n<section class=\"coh-container section section-container-component coh-style-section\" data-gs-background-color=\"default\" data-gs-spacing=\"none\" data-gs-min-height=\"\" data-gs-overlay=\"\" data-gs-foreground-color=\"dark\" data-gs-remove-spacing=\"\">\n<div class=\"coh-container section-inner\">\n<div class=\"coh-container coh-container-boxed\">\n<div class=\"coh-container ssa-component coh-component ssa-component-instance-331ef759-55e0-4b91-9a98-1731be855bf4 coh-component-instance-331ef759-55e0-4b91-9a98-1731be855bf4 text-container coh-style-text\">\n<div class=\"coh-container typography-container coh-style-container-layout\" data-gs-text-align=\"left\" data-gs-width=\"\" data-gs-pos=\"left\">\n<div class=\"coh-container\">\n<div class=\"coh-wysiwyg\">\n<p>A IRWIN<span class=\"coh-style-paragraph---small\"><sup>\u00ae<\/sup><\/span>\u00a0\u00e9 destaque por oferecer produtos de qualidade para o seu consumidor. Parte integrante da holding mundial Newell Brands<span class=\"coh-style-paragraph---small\"><sup>\u00ae<\/sup><\/span>\u00a0\u2013 grupo com mais de 14 empresas &#8211; , a IRWIN\u00a0busca superar as expectativas quando falamos em desempenho das suas ferramentas, conquistando a prefer\u00eancia dos profissionais e a lideran\u00e7a do mercado, com produtos como: Vise-Grip<span class=\"coh-style-paragraph---small\"><sup>\u00ae<\/sup><\/span>, Quick-Grip<span class=\"coh-style-paragraph---small\"><sup>\u00ae<\/sup><\/span>, Speedbor<span class=\"coh-style-paragraph---small\"><sup>\u00ae<\/sup><\/span>, Strait-Line<span class=\"coh-style-paragraph---small\"><sup>\u00ae<\/sup><\/span>, Unibit<span class=\"coh-style-paragraph---small\"><sup>\u00ae<\/sup><\/span>, e Jack<span class=\"coh-style-paragraph---small\"><sup>\u00ae<\/sup><\/span>.<\/p>\n<p>Por mais de um s\u00e9culo a inova\u00e7\u00e3o tem sido a palavra que representa a IRWIN\u00ae em seus neg\u00f3cios. Fundada em 1885 com o nome de Irwin Auger Bit Company. Com o tempo novas marcas de sucesso foram adicionadas \u00e0 companhia. Com elas, a IRWIN tornou-se a l\u00edder do ramo na ind\u00fastria, criando ferramentas voltadas para os profissionais da constru\u00e7\u00e3o civil.<\/p>\n<p>Nosso sucesso na produ\u00e7\u00e3o e desenvolvimento de novos produtos v\u00eam da paix\u00e3o que temos em entender e atender as necessidades do nosso principal consumidor \u2013 os profissionais do mercado. Esta dedica\u00e7\u00e3o por busca constante em melhorias dos nossos produtos come\u00e7a com as pesquisas de campo feitas por um time de especialistas da IRWIN diretamente com usu\u00e1rios. Com isso, n\u00f3s aprendemos como melhor\u00e1-los, tanto em produtividade, quanto em seguran\u00e7a, para proporcionar aos profissionais os melhores produtos do mercado.<\/p>\n<\/div>\n<\/div>\n<\/div>\n<\/div>\n<\/div>\n<\/div>\n<\/section>\n<\/div>\n<\/div>\n","protected":false},"excerpt":{"rendered":"<p>Serrote Bi-Material &#8211; IRWIN<\/p>\n<p>OP\u00c7\u00d5ES:<\/p>\n<ul>\n<li>SERROTE IRWIN BI-MATERIAL 18&#8243; 450MM R.IWHT20377-LA<\/li>\n<li>SERROTE IRWIN BI-MATERIAL 20&#8243; 500MM R.IWHT20378-LA<\/li>\n<li>SERROTE IRWIN BI-MATERIAL 22&#8243; 550MM R.IWHT20379-LA<\/li>\n<\/ul>\n<div class=\"product-body\">\n<div class=\"clearfix text-formatted field field--name-body field--type-text-with-summary field--label-hidden field__item\">\n<div class=\"product-body\">\n<div class=\"clearfix text-formatted field field--name-body field--type-text-with-summary field--label-hidden field__item\">\n<div class=\"field__item\"><\/div>\n<\/div>\n<\/div>\n<\/div>\n<\/div>\n","protected":false},"featured_media":9177,"comment_status":"open","ping_status":"closed","template":"","meta":[],"product_cat":[1034,217,178],"product_tag":[3649,3646,3643,3648,3647],"_links":{"self":[{"href":"https:\/\/trenaferragens.com.br\/index.php?rest_route=\/wp\/v2\/product\/9176"}],"collection":[{"href":"https:\/\/trenaferragens.com.br\/index.php?rest_route=\/wp\/v2\/product"}],"about":[{"href":"https:\/\/trenaferragens.com.br\/index.php?rest_route=\/wp\/v2\/types\/product"}],"replies":[{"embeddable":true,"href":"https:\/\/trenaferragens.com.br\/index.php?rest_route=%2Fwp%2Fv2%2Fcomments&post=9176"}],"wp:featuredmedia":[{"embeddable":true,"href":"https:\/\/trenaferragens.com.br\/index.php?rest_route=\/wp\/v2\/media\/9177"}],"wp:attachment":[{"href":"https:\/\/trenaferragens.com.br\/index.php?rest_route=%2Fwp%2Fv2%2Fmedia&parent=9176"}],"wp:term":[{"taxonomy":"product_cat","embeddable":true,"href":"https:\/\/trenaferragens.com.br\/index.php?rest_route=%2Fwp%2Fv2%2Fproduct_cat&post=9176"},{"taxonomy":"product_tag","embeddable":true,"href":"https:\/\/trenaferragens.com.br\/index.php?rest_route=%2Fwp%2Fv2%2Fproduct_tag&post=9176"}],"curies":[{"name":"wp","href":"https:\/\/api.w.org\/{rel}","templated":true}]}}