{"id":9186,"date":"2024-10-01T17:34:53","date_gmt":"2024-10-01T17:34:53","guid":{"rendered":"https:\/\/trenaferragens.com.br\/?post_type=product&#038;p=9186"},"modified":"2025-12-22T19:30:05","modified_gmt":"2025-12-22T19:30:05","slug":"placa-alum-15x15cm-extintor-fotoluminescente-sinalize","status":"publish","type":"product","link":"https:\/\/trenaferragens.com.br\/?product=placa-alum-15x15cm-extintor-fotoluminescente-sinalize","title":{"rendered":"Placa Alum. 15X15cm Extintor Fotoluminescente &#8211; SINALIZE"},"content":{"rendered":"<h3><strong>SINALIZE<\/strong><\/h3>\n<div class=\"coh-container ssa-component coh-component ssa-component-instance-e47f4f6c-863a-4483-9dd7-6dcb0f89fe1c coh-component-instance-e47f4f6c-863a-4483-9dd7-6dcb0f89fe1c page-header-component bg-container coh-style-margin-bottom-none coh-style-page-header ssa-instance-bab6d449-f7dd-4202-8b7f-bd847e96a28ae47f4f6c-863a-4483-9dd7-6dcb0f89fe1c coh-ce-cpt_page_header-1c6b715c\" data-bg-align=\"\" data-select-theme=\"light\" data-force-uppercase=\"1\">\n<div class=\"coh-container ssa-component coh-component ssa-component-instance-21a722a9-a1c3-478b-9588-a0d84eb43756 coh-component-instance-21a722a9-a1c3-478b-9588-a0d84eb43756 section-container-wrapper coh-ce-cpt_section-a177ea9c\">\n<section class=\"coh-container section section-container-component coh-style-section\" data-gs-background-color=\"default\" data-gs-spacing=\"none\" data-gs-min-height=\"\" data-gs-overlay=\"\" data-gs-foreground-color=\"dark\" data-gs-remove-spacing=\"\">\n<div class=\"coh-container section-inner\">\n<div class=\"coh-container coh-container-boxed\">\n<div class=\"coh-container ssa-component coh-component ssa-component-instance-8b36c8f9-19a3-45d3-8c62-989efa73f2be coh-component-instance-8b36c8f9-19a3-45d3-8c62-989efa73f2be coh-style-columns\">\n<div class=\"coh-row coh-row-xl coh-row-visible-xl\" data-coh-row-match-heights=\"{&quot;xl&quot;:{&quot;target&quot;:&quot;none&quot;}}\">\n<div class=\"coh-row-inner ssa-instance-e47f4f6c-863a-4483-9dd7-6dcb0f89fe1c8b36c8f9-19a3-45d3-8c62-989efa73f2be coh-ce-cpt_columns-c79f689d\">\n<div class=\"coh-column ssa-component coh-component ssa-component-instance-41e7c3a7-1b90-4e79-98af-1a8bd182909f coh-component-instance-41e7c3a7-1b90-4e79-98af-1a8bd182909f coh-visible-ps coh-col-ps-12 coh-visible-sm coh-col-sm-10 coh-visible-md coh-col-md-8 coh-visible-xl coh-col-xl-8\">\n<div class=\"coh-container text-main-container\" data-text-align=\"center\" data-select-content-theme=\"\">\n<div class=\"coh-container ssa-component coh-component ssa-component-instance-14a88b82-7b38-4520-a71a-df45d0f0acce coh-component-instance-14a88b82-7b38-4520-a71a-df45d0f0acce text-container coh-style-text\">\n<div class=\"coh-container typography-container coh-style-container-layout\" data-gs-text-align=\"left\" data-gs-width=\"\" data-gs-pos=\"left\">\n<div class=\"coh-container\">\n<div class=\"coh-wysiwyg\">\n<p class=\"m-text-align-center text-align-justify m-size-14 size-14\"><span class=\"font-size-14 m-font-size-14\">Fundada em 1997, a Sinalize \u00e9 pioneira no segmento de \u201cPlacas Encarteladas\u201d, onde mant\u00e9m a lideran\u00e7a do mercado.<\/span><\/p>\n<p class=\"m-text-align-center text-align-justify m-size-14 size-14\"><span class=\"font-size-14 m-font-size-14\">Nosso objetivo \u00e9 oferecer ao consumidor uma grande variedade de placas com alta qualidade e durabilidade, a pronta entrega.<\/span><\/p>\n<p class=\"m-text-align-center text-align-justify m-size-14 size-14\"><span class=\"font-size-14 m-font-size-14\">Atrav\u00e9s da nossa linha de produtos, o consumidor disp\u00f5e das facilidades na aquisi\u00e7\u00e3o de placas de sinaliza\u00e7\u00e3o, com grande praticidade no uso e um visual que harmoniza qualquer ambiente.<\/span><\/p>\n<p class=\"m-text-align-center text-align-justify\"><span class=\"font-size-14 m-font-size-14\">\u00a0<\/span><\/p>\n<p class=\"m-text-align-center text-align-justify m-size-14 size-14\"><span class=\"font-size-14 m-font-size-14\">Os produtos da Sinalize, poder\u00e3o facilmente ser adquiridos nas principais lojas de materiais de constru\u00e7\u00e3o, ferragens\/ferramentas, EPIs, papelarias em geral, Home Center e Pet Shop.<\/span><\/p>\n<p class=\"m-text-align-center text-align-justify\"><span class=\"font-size-14 m-font-size-14\">\u00a0<\/span><\/p>\n<p class=\"m-text-align-center text-align-justify m-size-14 size-14\"><span class=\"font-size-14 m-font-size-14\">Atuamos fortemente tamb\u00e9m no Segmento de Sinaliza\u00e7\u00e3o Industrial, desenvolvendo Placas Personalizadas nos mais diversos materiais, formatos e cores, de acordo com a necessidade do Cliente e em conformidade com as normas regulamentadoras.<\/span><\/p>\n<\/div>\n<\/div>\n<\/div>\n<\/div>\n<\/div>\n<\/div>\n<\/div>\n<\/div>\n<\/div>\n<\/div>\n<\/div>\n<\/section>\n<\/div>\n<\/div>\n","protected":false},"excerpt":{"rendered":"<p>Placa Alum. 15X15cm Extintor Fotoluminescente &#8211; SINALIZE<\/p>\n<div class=\"product-body\">\n<div class=\"clearfix text-formatted field field--name-body field--type-text-with-summary field--label-hidden field__item\">\n<div class=\"product-body\">\n<div class=\"clearfix text-formatted field field--name-body field--type-text-with-summary field--label-hidden field__item\">\n<div class=\"field__item\"><\/div>\n<\/div>\n<\/div>\n<\/div>\n<\/div>\n","protected":false},"featured_media":9187,"comment_status":"open","ping_status":"closed","template":"","meta":[],"product_cat":[1127,1136],"product_tag":[3651,3650,3652,2590],"_links":{"self":[{"href":"https:\/\/trenaferragens.com.br\/index.php?rest_route=\/wp\/v2\/product\/9186"}],"collection":[{"href":"https:\/\/trenaferragens.com.br\/index.php?rest_route=\/wp\/v2\/product"}],"about":[{"href":"https:\/\/trenaferragens.com.br\/index.php?rest_route=\/wp\/v2\/types\/product"}],"replies":[{"embeddable":true,"href":"https:\/\/trenaferragens.com.br\/index.php?rest_route=%2Fwp%2Fv2%2Fcomments&post=9186"}],"wp:featuredmedia":[{"embeddable":true,"href":"https:\/\/trenaferragens.com.br\/index.php?rest_route=\/wp\/v2\/media\/9187"}],"wp:attachment":[{"href":"https:\/\/trenaferragens.com.br\/index.php?rest_route=%2Fwp%2Fv2%2Fmedia&parent=9186"}],"wp:term":[{"taxonomy":"product_cat","embeddable":true,"href":"https:\/\/trenaferragens.com.br\/index.php?rest_route=%2Fwp%2Fv2%2Fproduct_cat&post=9186"},{"taxonomy":"product_tag","embeddable":true,"href":"https:\/\/trenaferragens.com.br\/index.php?rest_route=%2Fwp%2Fv2%2Fproduct_tag&post=9186"}],"curies":[{"name":"wp","href":"https:\/\/api.w.org\/{rel}","templated":true}]}}